{"id":4010,"date":"2020-11-22T09:26:40","date_gmt":"2020-11-22T09:26:40","guid":{"rendered":"https:\/\/tandemgarden.com\/product\/cesped-rustico-y-decorativo\/"},"modified":"2020-11-22T09:26:40","modified_gmt":"2020-11-22T09:26:40","slug":"cesped-rustico-y-decorativo","status":"publish","type":"product","link":"https:\/\/tandemgarden.com\/es\/producto\/cesped-rustico-y-decorativo\/","title":{"rendered":"C\u00e9sped r\u00fastico y decorativo"},"content":{"rendered":"","protected":false},"excerpt":{"rendered":"<p>El c\u00e9sped r\u00fastico y decorativo es un c\u00e9sped muy r\u00fastico, resistente y de poco mantenimiento. Buen comportamiento con bajas necesidades, no es exigente ni en escarificados ni en pinchados.<\/p>\n<p>Su rapidez de implantaci\u00f3n es media, aunque una vez establecido es el c\u00e9sped m\u00e1s duro. Su valor est\u00e9tico es bueno, caracter\u00edstico por su color azulado. Su corte ideal es a 40 mm., aunque soporta cortes menores, no por debajo de 25 mm. Acepta perfectamente el pisoteo y juegos una vez establecido.<\/p>\n<p>Se puede utilizar en la mayor\u00eda de c\u00e9spedes: jardines p\u00fablicos, privados, campos de deporte, calles de pitch &amp; putt, y tambi\u00e9n para el cultivo de tepes.<\/p>\n","protected":false},"featured_media":3974,"template":"","meta":[],"_links":{"self":[{"href":"https:\/\/tandemgarden.com\/es\/wp-json\/wp\/v2\/product\/4010"}],"collection":[{"href":"https:\/\/tandemgarden.com\/es\/wp-json\/wp\/v2\/product"}],"about":[{"href":"https:\/\/tandemgarden.com\/es\/wp-json\/wp\/v2\/types\/product"}],"wp:featuredmedia":[{"embeddable":true,"href":"https:\/\/tandemgarden.com\/es\/wp-json\/wp\/v2\/media\/3974"}],"wp:attachment":[{"href":"https:\/\/tandemgarden.com\/es\/wp-json\/wp\/v2\/media?parent=4010"}],"curies":[{"name":"wp","href":"https:\/\/api.w.org\/{rel}","templated":true}]}}