{"id":4003,"date":"2020-11-22T09:23:32","date_gmt":"2020-11-22T09:23:32","guid":{"rendered":"https:\/\/tandemgarden.com\/product\/cesped-ornamental-y-resistente\/"},"modified":"2020-11-22T09:23:32","modified_gmt":"2020-11-22T09:23:32","slug":"cesped-ornamental-y-resistente","status":"publish","type":"product","link":"https:\/\/tandemgarden.com\/es\/producto\/cesped-ornamental-y-resistente\/","title":{"rendered":"C\u00e9sped ornamental y resistente"},"content":{"rendered":"","protected":false},"excerpt":{"rendered":"<p>El c\u00e9sped ornamental y resistente es un c\u00e9sped de excelente calidad est\u00e9tica y alta densidad, de hoja fina con muy buen color, que tolera bien tanto el fr\u00edo invernal como el calor estival.<\/p>\n<p>Presenta una buena velocidad de implantaci\u00f3n, tolera bien el pisoteo y requiere de unos m\u00ednimos cuidados para mostrar todo su esplendor. Es aconsejable realizar un pinchado o escarificado anual as\u00ed como un buen plan de fertilizaci\u00f3n. No tolera el encharcamiento.<\/p>\n<p>Ideal para jardines privados o p\u00fablicos en los que se requiere una excelente calidad est\u00e9tica y un tacto muy suave del c\u00e9sped.<\/p>\n","protected":false},"featured_media":3971,"template":"","meta":[],"_links":{"self":[{"href":"https:\/\/tandemgarden.com\/es\/wp-json\/wp\/v2\/product\/4003"}],"collection":[{"href":"https:\/\/tandemgarden.com\/es\/wp-json\/wp\/v2\/product"}],"about":[{"href":"https:\/\/tandemgarden.com\/es\/wp-json\/wp\/v2\/types\/product"}],"wp:featuredmedia":[{"embeddable":true,"href":"https:\/\/tandemgarden.com\/es\/wp-json\/wp\/v2\/media\/3971"}],"wp:attachment":[{"href":"https:\/\/tandemgarden.com\/es\/wp-json\/wp\/v2\/media?parent=4003"}],"curies":[{"name":"wp","href":"https:\/\/api.w.org\/{rel}","templated":true}]}}