{"id":4000,"date":"2020-11-22T09:20:18","date_gmt":"2020-11-22T09:20:18","guid":{"rendered":"https:\/\/tandemgarden.com\/product\/cesped-repoblacion-rapida-con-repelente-de-aves\/"},"modified":"2020-11-22T09:20:18","modified_gmt":"2020-11-22T09:20:18","slug":"cesped-repoblacion-rapida-con-repelente-de-aves","status":"publish","type":"product","link":"https:\/\/tandemgarden.com\/es\/producto\/cesped-repoblacion-rapida-con-repelente-de-aves\/","title":{"rendered":"C\u00e9sped repoblaci\u00f3n r\u00e1pida con repelente de aves"},"content":{"rendered":"","protected":false},"excerpt":{"rendered":"<p>1 kg para 35 m2<\/p>\n<p>El Repoblador R\u00e1pido con Repelente de Aves, es la soluci\u00f3n ideal para recuperar los c\u00e9spedes de forma r\u00e1pida y duradera, protegi\u00e9ndolos adem\u00e1s de la incidencia de las aves. Con un riguroso proceso de peliculado en el que se aporta un bioestimulante que mejora la velocidad de implantaci\u00f3n y una sustancia que ahuyenta las aves y que act\u00faa protegiendo la semilla de los da\u00f1os que puedan causar los p\u00e1jaros. una f\u00f3rmula que recupera en 7 d\u00edas las zonas maltrechas des c\u00e9sped con las m\u00e1ximas garant\u00edas de \u00e9xito, incluyendo un fertilizante de liberaci\u00f3n controlada que asegura la nutrici\u00f3n hasta m\u00e1s de 100 d\u00edas desde su siembra.<\/p>\n","protected":false},"featured_media":3968,"template":"","meta":[],"_links":{"self":[{"href":"https:\/\/tandemgarden.com\/es\/wp-json\/wp\/v2\/product\/4000"}],"collection":[{"href":"https:\/\/tandemgarden.com\/es\/wp-json\/wp\/v2\/product"}],"about":[{"href":"https:\/\/tandemgarden.com\/es\/wp-json\/wp\/v2\/types\/product"}],"wp:featuredmedia":[{"embeddable":true,"href":"https:\/\/tandemgarden.com\/es\/wp-json\/wp\/v2\/media\/3968"}],"wp:attachment":[{"href":"https:\/\/tandemgarden.com\/es\/wp-json\/wp\/v2\/media?parent=4000"}],"curies":[{"name":"wp","href":"https:\/\/api.w.org\/{rel}","templated":true}]}}