{"id":3996,"date":"2020-11-22T09:14:59","date_gmt":"2020-11-22T09:14:59","guid":{"rendered":"https:\/\/tandemgarden.com\/product\/cesped-repoblacion-rapida\/"},"modified":"2020-11-22T09:14:59","modified_gmt":"2020-11-22T09:14:59","slug":"cesped-repoblacion-rapida","status":"publish","type":"product","link":"https:\/\/tandemgarden.com\/es\/producto\/cesped-repoblacion-rapida\/","title":{"rendered":"C\u00e9sped repoblaci\u00f3n r\u00e1pida"},"content":{"rendered":"","protected":false},"excerpt":{"rendered":"<p>El c\u00e9sped repoblaci\u00f3n r\u00e1pida es una mezcla ideal para recuperar aquellas zonas del c\u00e9sped maltrechas en las que se requiera una soluci\u00f3n r\u00e1pida y eficaz.<\/p>\n<p>Presenta una alta velocidad de germinaci\u00f3n y una buena rapidez de implantaci\u00f3n quedando el c\u00e9sped recuperado en menos de 1 mes. Se trata de una mezcla de calidad de hoja media para poder ser utilizada sobre cualquier mezcla implantada ya existente.<\/p>\n<p>Contiene fertilizante de liberaci\u00f3n controlada para asegurar una r\u00e1pida implantaci\u00f3n y aportar los nutrientes necesarios al c\u00e9sped existente.<\/p>\n","protected":false},"featured_media":3965,"template":"","meta":[],"_links":{"self":[{"href":"https:\/\/tandemgarden.com\/es\/wp-json\/wp\/v2\/product\/3996"}],"collection":[{"href":"https:\/\/tandemgarden.com\/es\/wp-json\/wp\/v2\/product"}],"about":[{"href":"https:\/\/tandemgarden.com\/es\/wp-json\/wp\/v2\/types\/product"}],"wp:featuredmedia":[{"embeddable":true,"href":"https:\/\/tandemgarden.com\/es\/wp-json\/wp\/v2\/media\/3965"}],"wp:attachment":[{"href":"https:\/\/tandemgarden.com\/es\/wp-json\/wp\/v2\/media?parent=3996"}],"curies":[{"name":"wp","href":"https:\/\/api.w.org\/{rel}","templated":true}]}}