{"id":3991,"date":"2020-11-22T09:09:38","date_gmt":"2020-11-22T09:09:38","guid":{"rendered":"https:\/\/tandemgarden.com\/product\/cesped-compacto-de-gran-resistencia\/"},"modified":"2020-11-22T09:09:38","modified_gmt":"2020-11-22T09:09:38","slug":"cesped-compacto-de-gran-resistencia","status":"publish","type":"product","link":"https:\/\/tandemgarden.com\/es\/producto\/cesped-compacto-de-gran-resistencia\/","title":{"rendered":"C\u00e9sped compacto de gran resistencia"},"content":{"rendered":"","protected":false},"excerpt":{"rendered":"<p>1 kg para 35 m2<\/p>\n<p>El c\u00e9sped compacto de gran resistencia es un c\u00e9sped resistente, compacto, de alto valor est\u00e9tico y bajo mantenimiento.<\/p>\n<p>No es nada exigente en cuanto a requerimientos h\u00eddricos, presenta una velocidad de implantaci\u00f3n media y una vez establecido es duro y muy compacto. Su calidad est\u00e9tica es buena, con un color ligeramente azulado. Una vez establecido es ideal para zonas de alto pisoteo y juegos.<\/p>\n<p>Se puede utilizar en la mayor\u00eda de c\u00e9spedes: jardines p\u00fablicos, privados, campos de deporte, calles de pitch &amp; putt y tambi\u00e9n est\u00e1 recomendado para el cultivo de tepes.<\/p>\n<p>&nbsp;<\/p>\n","protected":false},"featured_media":3962,"template":"","meta":[],"_links":{"self":[{"href":"https:\/\/tandemgarden.com\/es\/wp-json\/wp\/v2\/product\/3991"}],"collection":[{"href":"https:\/\/tandemgarden.com\/es\/wp-json\/wp\/v2\/product"}],"about":[{"href":"https:\/\/tandemgarden.com\/es\/wp-json\/wp\/v2\/types\/product"}],"wp:featuredmedia":[{"embeddable":true,"href":"https:\/\/tandemgarden.com\/es\/wp-json\/wp\/v2\/media\/3962"}],"wp:attachment":[{"href":"https:\/\/tandemgarden.com\/es\/wp-json\/wp\/v2\/media?parent=3991"}],"curies":[{"name":"wp","href":"https:\/\/api.w.org\/{rel}","templated":true}]}}