{"id":3901,"date":"2020-11-19T20:04:16","date_gmt":"2020-11-19T20:04:16","guid":{"rendered":"https:\/\/tandemgarden.com\/product\/aloe-tiki-taki\/"},"modified":"2020-11-19T20:04:16","modified_gmt":"2020-11-19T20:04:16","slug":"aloe-tiki-taki","status":"publish","type":"product","link":"https:\/\/tandemgarden.com\/es\/producto\/aloe-tiki-taki\/","title":{"rendered":"Aloe Tiki Taki"},"content":{"rendered":"","protected":false},"excerpt":{"rendered":"<p>Producto agotado.<\/p>\n<p>El Aloe Tiki Taki es un h\u00edbrido entre el Aloe Vera y el Aloe aristata, combinaci\u00f3n que lo hace tan especial y ex\u00f3tico, caracter\u00edstico por sus manchas peque\u00f1as y vistosas que contrastan con el verde intenso de las hojas. Se convierte en muy buena opci\u00f3n con poco mantenimiento. En verano le encanta el sol directo y en invierno el interior lleno de luz indirecta.<\/p>\n<p>Maceta decorativa no incluida.<\/p>\n","protected":false},"featured_media":3897,"template":"","meta":[],"_links":{"self":[{"href":"https:\/\/tandemgarden.com\/es\/wp-json\/wp\/v2\/product\/3901"}],"collection":[{"href":"https:\/\/tandemgarden.com\/es\/wp-json\/wp\/v2\/product"}],"about":[{"href":"https:\/\/tandemgarden.com\/es\/wp-json\/wp\/v2\/types\/product"}],"wp:featuredmedia":[{"embeddable":true,"href":"https:\/\/tandemgarden.com\/es\/wp-json\/wp\/v2\/media\/3897"}],"wp:attachment":[{"href":"https:\/\/tandemgarden.com\/es\/wp-json\/wp\/v2\/media?parent=3901"}],"curies":[{"name":"wp","href":"https:\/\/api.w.org\/{rel}","templated":true}]}}