{"id":3900,"date":"2020-11-19T20:00:33","date_gmt":"2020-11-19T20:00:33","guid":{"rendered":"https:\/\/tandemgarden.com\/product\/cactus-chamaelobivia\/"},"modified":"2025-02-16T23:03:53","modified_gmt":"2025-02-16T22:03:53","slug":"cactus-chamaelobivia","status":"publish","type":"product","link":"https:\/\/tandemgarden.com\/es\/producto\/cactus-chamaelobivia\/","title":{"rendered":"Cactus Chamaelobivia"},"content":{"rendered":"","protected":false},"excerpt":{"rendered":"<p>Maceta de pl\u00e1stico de 13 cm de di\u00e1metro.<\/p>\n<p>El cactus Chamaelobivia es un h\u00edbrido entre los Chamaecereus y algunas especies de los Lobivia, con m\u00faltiples formas cil\u00edndricas, puntiagudas y c\u00f3nicas que destacan por la colorida y vistosa floraci\u00f3n que hacen a la Primavera. Ideal para amantes de los cactus originales y se reproduce f\u00e1cilmente.<\/p>\n<p>Maceta decorativa no incluida.<\/p>\n","protected":false},"featured_media":3891,"template":"","meta":[],"_links":{"self":[{"href":"https:\/\/tandemgarden.com\/es\/wp-json\/wp\/v2\/product\/3900"}],"collection":[{"href":"https:\/\/tandemgarden.com\/es\/wp-json\/wp\/v2\/product"}],"about":[{"href":"https:\/\/tandemgarden.com\/es\/wp-json\/wp\/v2\/types\/product"}],"wp:featuredmedia":[{"embeddable":true,"href":"https:\/\/tandemgarden.com\/es\/wp-json\/wp\/v2\/media\/3891"}],"wp:attachment":[{"href":"https:\/\/tandemgarden.com\/es\/wp-json\/wp\/v2\/media?parent=3900"}],"curies":[{"name":"wp","href":"https:\/\/api.w.org\/{rel}","templated":true}]}}