{"id":3864,"date":"2020-11-22T22:26:45","date_gmt":"2020-11-22T22:27:07","guid":{"rendered":"https:\/\/tandemgarden.com?post_type=product&#038;p=3864"},"modified":"2020-11-22T22:27:07","modified_gmt":"2020-11-22T22:27:07","slug":"pack-3-crasa-mini","status":"publish","type":"product","link":"https:\/\/tandemgarden.com\/es\/producto\/pack-3-crasa-mini\/","title":{"rendered":"Pack 3 crasa mini"},"content":{"rendered":"","protected":false},"excerpt":{"rendered":"<p>Maceta de pl\u00e1stico de 5,5cm de di\u00e1metro<\/p>\n<p id=\"tw-target-text\" class=\"tw-data-text tw-text-large XcVN5d tw-ta\" dir=\"ltr\" data-placeholder=\"Traducci\u00f3n\"><span lang=\"es\">Es pr\u00e1cticamente imposible resistirse a tener algunos ejemplares en casa, las crasas mini est\u00e1n de moda! Los hay de muchas formas, y combin\u00e1ndolas siempre queda bien. Adem\u00e1s, el mantenimiento es casi nulo.<\/span><\/p>\n<p dir=\"ltr\" data-placeholder=\"Traducci\u00f3n\">Maceta decorativa no incluida.<\/p>\n","protected":false},"featured_media":4475,"template":"","meta":[],"_links":{"self":[{"href":"https:\/\/tandemgarden.com\/es\/wp-json\/wp\/v2\/product\/3864"}],"collection":[{"href":"https:\/\/tandemgarden.com\/es\/wp-json\/wp\/v2\/product"}],"about":[{"href":"https:\/\/tandemgarden.com\/es\/wp-json\/wp\/v2\/types\/product"}],"wp:featuredmedia":[{"embeddable":true,"href":"https:\/\/tandemgarden.com\/es\/wp-json\/wp\/v2\/media\/4475"}],"wp:attachment":[{"href":"https:\/\/tandemgarden.com\/es\/wp-json\/wp\/v2\/media?parent=3864"}],"curies":[{"name":"wp","href":"https:\/\/api.w.org\/{rel}","templated":true}]}}