{"id":3861,"date":"2020-11-19T09:06:59","date_gmt":"2020-11-19T09:06:59","guid":{"rendered":"https:\/\/tandemgarden.com\/product\/pack-3-cactus-mini\/"},"modified":"2020-11-19T09:06:59","modified_gmt":"2020-11-19T09:06:59","slug":"pack-3-cactus-mini","status":"publish","type":"product","link":"https:\/\/tandemgarden.com\/es\/producto\/pack-3-cactus-mini\/","title":{"rendered":"Pack 3 Cactus mini"},"content":{"rendered":"","protected":false},"excerpt":{"rendered":"<p>Maceta de pl\u00e1stico de 5,5cm de di\u00e1metro<\/p>\n<p id=\"tw-target-text\" class=\"tw-data-text tw-text-large XcVN5d tw-ta\" dir=\"ltr\" data-placeholder=\"Traducci\u00f3n\"><span lang=\"es\">Es pr\u00e1cticamente imposible resistirse a tener algunos ejemplares en casa, los cactus mini est\u00e1n de moda! Los hay de muchas formas, y combin\u00e1ndolos siempre queda bien. Adem\u00e1s, el mantenimiento es casi nulo.<\/span><\/p>\n<p dir=\"ltr\" data-placeholder=\"Traducci\u00f3n\">Maceta decorativa no incluida.<\/p>\n","protected":false},"featured_media":3855,"template":"","meta":[],"_links":{"self":[{"href":"https:\/\/tandemgarden.com\/es\/wp-json\/wp\/v2\/product\/3861"}],"collection":[{"href":"https:\/\/tandemgarden.com\/es\/wp-json\/wp\/v2\/product"}],"about":[{"href":"https:\/\/tandemgarden.com\/es\/wp-json\/wp\/v2\/types\/product"}],"wp:featuredmedia":[{"embeddable":true,"href":"https:\/\/tandemgarden.com\/es\/wp-json\/wp\/v2\/media\/3855"}],"wp:attachment":[{"href":"https:\/\/tandemgarden.com\/es\/wp-json\/wp\/v2\/media?parent=3861"}],"curies":[{"name":"wp","href":"https:\/\/api.w.org\/{rel}","templated":true}]}}