{"id":3856,"date":"2020-11-19T09:01:47","date_gmt":"2020-11-19T09:01:47","guid":{"rendered":"https:\/\/tandemgarden.com\/product\/cactus-del-ordenador\/"},"modified":"2020-11-19T09:01:47","modified_gmt":"2020-11-19T09:01:47","slug":"cactus-del-ordenador","status":"publish","type":"product","link":"https:\/\/tandemgarden.com\/es\/producto\/cactus-del-ordenador\/","title":{"rendered":"Cactus del ordenador"},"content":{"rendered":"","protected":false},"excerpt":{"rendered":"<p id=\"tw-target-text\" class=\"tw-data-text tw-text-large XcVN5d tw-ta\" dir=\"ltr\" data-placeholder=\"Traducci\u00f3n\"><span lang=\"es\">Este es el cactus conocido por absorber las radiaciones emitidas por ordenadores, y otros aparatos electr\u00f3nicos, y protegernos de la contaminaci\u00f3n electromagn\u00e9tica. Es muy indicado para colocarlo en la oficina, salas o habitaciones que tengan mucha luz. No obstante, en su h\u00e1bitat natural crecen en el exterior. Este cactus es caracter\u00edstico por su forma columnar y lleno de espinas, y cuando son maduros (a partir de los 5 o 6 a\u00f1os) pueden florecer flores blancas que se abren por la noche.<\/span><\/p>\n<p dir=\"ltr\" data-placeholder=\"Traducci\u00f3n\">Maceta decorativa no incluida.<\/p>\n","protected":false},"featured_media":3845,"template":"","meta":[],"_links":{"self":[{"href":"https:\/\/tandemgarden.com\/es\/wp-json\/wp\/v2\/product\/3856"}],"collection":[{"href":"https:\/\/tandemgarden.com\/es\/wp-json\/wp\/v2\/product"}],"about":[{"href":"https:\/\/tandemgarden.com\/es\/wp-json\/wp\/v2\/types\/product"}],"wp:featuredmedia":[{"embeddable":true,"href":"https:\/\/tandemgarden.com\/es\/wp-json\/wp\/v2\/media\/3845"}],"wp:attachment":[{"href":"https:\/\/tandemgarden.com\/es\/wp-json\/wp\/v2\/media?parent=3856"}],"curies":[{"name":"wp","href":"https:\/\/api.w.org\/{rel}","templated":true}]}}