{"id":3836,"date":"2020-11-19T08:37:55","date_gmt":"2020-11-19T08:37:55","guid":{"rendered":"https:\/\/tandemgarden.com\/product\/cactus-euphorbia\/"},"modified":"2025-02-16T23:02:13","modified_gmt":"2025-02-16T22:02:13","slug":"cactus-euphorbia","status":"publish","type":"product","link":"https:\/\/tandemgarden.com\/es\/producto\/cactus-euphorbia\/","title":{"rendered":"Cactus Euphorbia"},"content":{"rendered":"","protected":false},"excerpt":{"rendered":"<p>Maceta de pl\u00e1stico de 17cm de di\u00e1metro<\/p>\n<p id=\"tw-target-text\" class=\"tw-data-text tw-text-large XcVN5d tw-ta\" dir=\"ltr\" data-placeholder=\"Traducci\u00f3n\"><span lang=\"es\">Este cactus, atractivo por su forma ascendente que recuerda a las pel\u00edculas del Far West, es de los m\u00e1s comunes y pueden llegar a los 3 o 4 metros de altura, aunque son de crecimiento muy lento. Tambi\u00e9n se caracterizan por el crecimiento de peque\u00f1as hojas en forma de esp\u00e1tula que recorren la silueta del cactus.<\/span><\/p>\n<p dir=\"ltr\" data-placeholder=\"Traducci\u00f3n\">Maceta decorativa no incluida.<\/p>\n","protected":false},"featured_media":3824,"template":"","meta":[],"_links":{"self":[{"href":"https:\/\/tandemgarden.com\/es\/wp-json\/wp\/v2\/product\/3836"}],"collection":[{"href":"https:\/\/tandemgarden.com\/es\/wp-json\/wp\/v2\/product"}],"about":[{"href":"https:\/\/tandemgarden.com\/es\/wp-json\/wp\/v2\/types\/product"}],"wp:featuredmedia":[{"embeddable":true,"href":"https:\/\/tandemgarden.com\/es\/wp-json\/wp\/v2\/media\/3824"}],"wp:attachment":[{"href":"https:\/\/tandemgarden.com\/es\/wp-json\/wp\/v2\/media?parent=3836"}],"curies":[{"name":"wp","href":"https:\/\/api.w.org\/{rel}","templated":true}]}}