{"id":3833,"date":"2020-11-19T08:32:17","date_gmt":"2020-11-19T08:32:17","guid":{"rendered":"https:\/\/tandemgarden.com\/product\/aloe-vera\/"},"modified":"2020-11-19T08:32:17","modified_gmt":"2020-11-19T08:32:17","slug":"aloe-vera","status":"publish","type":"product","link":"https:\/\/tandemgarden.com\/es\/producto\/aloe-vera\/","title":{"rendered":"Aloe Vera"},"content":{"rendered":"","protected":false},"excerpt":{"rendered":"<p>Maceta de pl\u00e1stico de 14cm de di\u00e1metro<\/p>\n<p id=\"tw-target-text\" class=\"tw-data-text tw-text-large XcVN5d tw-ta\" dir=\"ltr\" data-placeholder=\"Traducci\u00f3n\"><span lang=\"es\">El Aloe Vera, tambi\u00e9n conocida como \u00abb\u00e1lsamo de jard\u00edn\u00bb, es una planta suculenta muy conocida por sus propiedades medicinales. Es muy f\u00e1cil de cuidar, s\u00f3lo se debe evitar el exceso de agua y es muy vers\u00e1til, ya que se puede cultivar en el interior o en el exterior.<\/span><\/p>\n<p dir=\"ltr\" data-placeholder=\"Traducci\u00f3n\">Maceta decorativa no incluida.<\/p>\n","protected":false},"featured_media":3820,"template":"","meta":[],"_links":{"self":[{"href":"https:\/\/tandemgarden.com\/es\/wp-json\/wp\/v2\/product\/3833"}],"collection":[{"href":"https:\/\/tandemgarden.com\/es\/wp-json\/wp\/v2\/product"}],"about":[{"href":"https:\/\/tandemgarden.com\/es\/wp-json\/wp\/v2\/types\/product"}],"wp:featuredmedia":[{"embeddable":true,"href":"https:\/\/tandemgarden.com\/es\/wp-json\/wp\/v2\/media\/3820"}],"wp:attachment":[{"href":"https:\/\/tandemgarden.com\/es\/wp-json\/wp\/v2\/media?parent=3833"}],"curies":[{"name":"wp","href":"https:\/\/api.w.org\/{rel}","templated":true}]}}