{"id":3803,"date":"2020-11-19T08:13:52","date_gmt":"2020-11-19T08:13:52","guid":{"rendered":"https:\/\/tandemgarden.com\/product\/sansevieria\/"},"modified":"2025-02-18T12:19:36","modified_gmt":"2025-02-18T11:19:36","slug":"sansevieria","status":"publish","type":"product","link":"https:\/\/tandemgarden.com\/es\/producto\/sansevieria\/","title":{"rendered":"Sansevieria"},"content":{"rendered":"","protected":false},"excerpt":{"rendered":"<p id=\"tw-target-text\" class=\"tw-data-text tw-text-large XcVN5d tw-ta\" dir=\"ltr\" data-placeholder=\"Traducci\u00f3n\"><span lang=\"es\">La Sansevieria, tambi\u00e9n conocida como \u00ablengua de suegra\u00bb o \u00ablengua de tigre\u00bb, es muy popular como planta de interior por su resistencia. Es una planta crasa e ideal para aquellos m\u00e1s despistados, ya que tolera muy bien la sequ\u00eda y pr\u00e1cticamente no necesita mantenimiento. Puede proteger los hogares de las malas influencias y se la considera una planta de la buena suerte. Tambi\u00e9n absorbe \u00d3xidos de Nitr\u00f3geno y Formadeh\u00eddo.<\/span><\/p>\n<p dir=\"ltr\" data-placeholder=\"Traducci\u00f3n\">Maceta decorativa no incluida.<\/p>\n","protected":false},"featured_media":3802,"template":"","meta":[],"_links":{"self":[{"href":"https:\/\/tandemgarden.com\/es\/wp-json\/wp\/v2\/product\/3803"}],"collection":[{"href":"https:\/\/tandemgarden.com\/es\/wp-json\/wp\/v2\/product"}],"about":[{"href":"https:\/\/tandemgarden.com\/es\/wp-json\/wp\/v2\/types\/product"}],"wp:featuredmedia":[{"embeddable":true,"href":"https:\/\/tandemgarden.com\/es\/wp-json\/wp\/v2\/media\/3802"}],"wp:attachment":[{"href":"https:\/\/tandemgarden.com\/es\/wp-json\/wp\/v2\/media?parent=3803"}],"curies":[{"name":"wp","href":"https:\/\/api.w.org\/{rel}","templated":true}]}}