{"id":3795,"date":"2020-11-19T08:21:27","date_gmt":"2020-11-19T08:22:28","guid":{"rendered":"https:\/\/tandemgarden.com?post_type=product&#038;p=3795"},"modified":"2022-07-13T11:52:43","modified_gmt":"2022-07-13T10:52:43","slug":"strelitzia-reginae","status":"publish","type":"product","link":"https:\/\/tandemgarden.com\/es\/producto\/strelitzia-reginae\/","title":{"rendered":"Strelitzia Reginae"},"content":{"rendered":"","protected":false},"excerpt":{"rendered":"<p><span lang=\"es\">Maceta de pl\u00e1stico de 29cm de di\u00e1metro<br \/>\nLa Strelitzia Reginae, a diferencia de la Strelitzia Nicolai, es conocida p or su espectacular flor naranja y con tonos azules, aunque ambas hacen flor. Tambi\u00e9n se diferencia porque sus hojas son m\u00e1s estrechas que la Strelitzia Nicolai, son plantas m\u00e1s bajas y el verde de sus hojas tiene un tono gris\u00e1ceo.<\/span><\/p>\n<p>Maceta decorativa no incluida.<\/p>\n","protected":false},"featured_media":3815,"template":"","meta":[],"_links":{"self":[{"href":"https:\/\/tandemgarden.com\/es\/wp-json\/wp\/v2\/product\/3795"}],"collection":[{"href":"https:\/\/tandemgarden.com\/es\/wp-json\/wp\/v2\/product"}],"about":[{"href":"https:\/\/tandemgarden.com\/es\/wp-json\/wp\/v2\/types\/product"}],"wp:featuredmedia":[{"embeddable":true,"href":"https:\/\/tandemgarden.com\/es\/wp-json\/wp\/v2\/media\/3815"}],"wp:attachment":[{"href":"https:\/\/tandemgarden.com\/es\/wp-json\/wp\/v2\/media?parent=3795"}],"curies":[{"name":"wp","href":"https:\/\/api.w.org\/{rel}","templated":true}]}}