{"id":3793,"date":"2020-11-19T00:22:30","date_gmt":"2020-11-19T00:22:30","guid":{"rendered":"https:\/\/tandemgarden.com\/product\/guzmania\/"},"modified":"2020-12-03T08:56:52","modified_gmt":"2020-12-03T08:56:52","slug":"guzmania","status":"publish","type":"product","link":"https:\/\/tandemgarden.com\/es\/producto\/guzmania\/","title":{"rendered":"Guzmania"},"content":{"rendered":"","protected":false},"excerpt":{"rendered":"<p id=\"tw-target-text\" class=\"tw-data-text tw-text-large XcVN5d tw-ta\" dir=\"ltr\" data-placeholder=\"Traducci\u00f3n\"><span lang=\"es\">La Guzmania es una de las Bromelias m\u00e1s atractivas que existen. Al igual que el Platycerium y la Orqu\u00eddea es una planta ep\u00edfita, es decir, crece sobre otro vegetal (pero no lo parasita). Despu\u00e9s de florecer la planta muere, sin embargo, f\u00e1cilmente volver\u00e1 a aparecer, creciendo de nuevo.<\/span><\/p>\n<p dir=\"ltr\" data-placeholder=\"Traducci\u00f3n\">Maceta decorativa no incluida.<\/p>\n","protected":false},"featured_media":3792,"template":"","meta":[],"_links":{"self":[{"href":"https:\/\/tandemgarden.com\/es\/wp-json\/wp\/v2\/product\/3793"}],"collection":[{"href":"https:\/\/tandemgarden.com\/es\/wp-json\/wp\/v2\/product"}],"about":[{"href":"https:\/\/tandemgarden.com\/es\/wp-json\/wp\/v2\/types\/product"}],"wp:featuredmedia":[{"embeddable":true,"href":"https:\/\/tandemgarden.com\/es\/wp-json\/wp\/v2\/media\/3792"}],"wp:attachment":[{"href":"https:\/\/tandemgarden.com\/es\/wp-json\/wp\/v2\/media?parent=3793"}],"curies":[{"name":"wp","href":"https:\/\/api.w.org\/{rel}","templated":true}]}}