{"id":3781,"date":"2020-11-19T00:13:59","date_gmt":"2020-11-19T00:13:59","guid":{"rendered":"https:\/\/tandemgarden.com\/product\/orquidea\/"},"modified":"2020-11-19T00:17:24","modified_gmt":"2020-11-19T00:17:24","slug":"orquidea","status":"publish","type":"product","link":"https:\/\/tandemgarden.com\/es\/producto\/orquidea\/","title":{"rendered":"Orqu\u00eddea"},"content":{"rendered":"","protected":false},"excerpt":{"rendered":"<p>Maceta de pl\u00e1stico de 12cm de di\u00e1metro (dos varas)<\/p>\n<p id=\"tw-target-text\" class=\"tw-data-text tw-text-large XcVN5d tw-ta\" dir=\"ltr\" data-placeholder=\"Traducci\u00f3n\"><span lang=\"es\">Planta con flor de interior por excelencia, ideal para regalar ya que las tonalidades de sus flores impactan a cualquiera. Los hay m\u00e1s elegantes y de m\u00e1s ex\u00f3ticas pero todas ellas son impresionantes. Al igual que el Platycerium y la Guzmania es una planta ep\u00edfita, es decir, crece sobre otro vegetal (pero no lo parasita).<\/span><\/p>\n<p dir=\"ltr\" data-placeholder=\"Traducci\u00f3n\">Maceta decorativa no incluida.<\/p>\n","protected":false},"featured_media":3778,"template":"","meta":[],"_links":{"self":[{"href":"https:\/\/tandemgarden.com\/es\/wp-json\/wp\/v2\/product\/3781"}],"collection":[{"href":"https:\/\/tandemgarden.com\/es\/wp-json\/wp\/v2\/product"}],"about":[{"href":"https:\/\/tandemgarden.com\/es\/wp-json\/wp\/v2\/types\/product"}],"wp:featuredmedia":[{"embeddable":true,"href":"https:\/\/tandemgarden.com\/es\/wp-json\/wp\/v2\/media\/3778"}],"wp:attachment":[{"href":"https:\/\/tandemgarden.com\/es\/wp-json\/wp\/v2\/media?parent=3781"}],"curies":[{"name":"wp","href":"https:\/\/api.w.org\/{rel}","templated":true}]}}