{"id":3737,"date":"2020-11-18T23:41:57","date_gmt":"2020-11-18T23:41:57","guid":{"rendered":"https:\/\/tandemgarden.com\/product\/begonia\/"},"modified":"2025-02-18T11:02:13","modified_gmt":"2025-02-18T10:02:13","slug":"begonia","status":"publish","type":"product","link":"https:\/\/tandemgarden.com\/es\/producto\/begonia\/","title":{"rendered":"Begonia"},"content":{"rendered":"","protected":false},"excerpt":{"rendered":"<p id=\"tw-target-text\" class=\"tw-data-text tw-text-large XcVN5d tw-ta\" dir=\"ltr\" data-placeholder=\"Traducci\u00f3n\"><span lang=\"es\">La Begonia es una planta de interior y exterior muy apreciada por crear composiciones o para centros de mesa. No tolera bien el fr\u00edo, por este motivo, aunque originariamente es una planta de exterior, en la \u00e9poca m\u00e1s fr\u00eda debe mantenerse dentro de casa. Es una planta sensible, ya no soporta embalses y son propensas a plagas, pero con el mantenimiento adecuado es una planta impresionante.<\/span><\/p>\n<p dir=\"ltr\" data-placeholder=\"Traducci\u00f3n\">Test de fang no incl\u00f2s.<\/p>\n<p dir=\"ltr\" data-placeholder=\"Traducci\u00f3n\">Pod\u00e9is indicar el color que os gustar\u00eda a comentarios de compra (colores con m\u00e1s disponibilidad: rosa, rojo y blanco).<\/p>\n","protected":false},"featured_media":3733,"template":"","meta":[],"_links":{"self":[{"href":"https:\/\/tandemgarden.com\/es\/wp-json\/wp\/v2\/product\/3737"}],"collection":[{"href":"https:\/\/tandemgarden.com\/es\/wp-json\/wp\/v2\/product"}],"about":[{"href":"https:\/\/tandemgarden.com\/es\/wp-json\/wp\/v2\/types\/product"}],"wp:featuredmedia":[{"embeddable":true,"href":"https:\/\/tandemgarden.com\/es\/wp-json\/wp\/v2\/media\/3733"}],"wp:attachment":[{"href":"https:\/\/tandemgarden.com\/es\/wp-json\/wp\/v2\/media?parent=3737"}],"curies":[{"name":"wp","href":"https:\/\/api.w.org\/{rel}","templated":true}]}}