{"id":3723,"date":"2020-11-18T23:34:13","date_gmt":"2020-11-18T23:34:13","guid":{"rendered":"https:\/\/tandemgarden.com\/product\/anthurium\/"},"modified":"2025-02-18T11:57:34","modified_gmt":"2025-02-18T10:57:34","slug":"anthurium","status":"publish","type":"product","link":"https:\/\/tandemgarden.com\/es\/producto\/anthurium\/","title":{"rendered":"Anthurium"},"content":{"rendered":"","protected":false},"excerpt":{"rendered":"<p id=\"tw-target-text\" class=\"tw-data-text tw-text-large XcVN5d tw-ta\" dir=\"ltr\" data-placeholder=\"Traducci\u00f3n\"><span lang=\"es\">Es una de las plantas de interior con flor preferidas. Lo m\u00e1s apreciado y conocido es el de color rojo, aunque tambi\u00e9n est\u00e1 en rosa y blanco. La floraci\u00f3n comienza a finales de oto\u00f1o\/principios de invierno y la encontraremos florida pr\u00e1cticamente todo el a\u00f1o. Ideal para ver un toque de color en el interior de casa.<\/span><\/p>\n<p dir=\"ltr\" data-placeholder=\"Traducci\u00f3n\">Maceta decorativa no incluida.<\/p>\n<p dir=\"ltr\" data-placeholder=\"Traducci\u00f3n\">La planta de la fotograf\u00eda se corresponde con la medida L.<\/p>\n","protected":false},"featured_media":3722,"template":"","meta":[],"_links":{"self":[{"href":"https:\/\/tandemgarden.com\/es\/wp-json\/wp\/v2\/product\/3723"}],"collection":[{"href":"https:\/\/tandemgarden.com\/es\/wp-json\/wp\/v2\/product"}],"about":[{"href":"https:\/\/tandemgarden.com\/es\/wp-json\/wp\/v2\/types\/product"}],"wp:featuredmedia":[{"embeddable":true,"href":"https:\/\/tandemgarden.com\/es\/wp-json\/wp\/v2\/media\/3722"}],"wp:attachment":[{"href":"https:\/\/tandemgarden.com\/es\/wp-json\/wp\/v2\/media?parent=3723"}],"curies":[{"name":"wp","href":"https:\/\/api.w.org\/{rel}","templated":true}]}}