{"id":3712,"date":"2020-11-18T23:26:00","date_gmt":"2020-11-18T23:26:00","guid":{"rendered":"https:\/\/tandemgarden.com\/product\/spathiphyllum\/"},"modified":"2025-02-18T11:48:40","modified_gmt":"2025-02-18T10:48:40","slug":"spathiphyllum","status":"publish","type":"product","link":"https:\/\/tandemgarden.com\/es\/producto\/spathiphyllum\/","title":{"rendered":"Spathiphyllum"},"content":{"rendered":"","protected":false},"excerpt":{"rendered":"<p id=\"tw-target-text\" class=\"tw-data-text tw-text-large XcVN5d tw-ta\" dir=\"ltr\" data-placeholder=\"Traducci\u00f3n\"><span lang=\"es\">Planta muy elegante que mantendr\u00e1 la flor todo el a\u00f1o. Destaca por su elegancia, floraci\u00f3n y resistencia, que la convierten en un \u00abmust have\u00bb en todas las casas. Tambi\u00e9n es conocida como \u00abLirio de la Paz\u00bb y se caracteriza por su alta capacidad de absorber 5 de los contaminantes en el aire (Formaldeh\u00eddo, Benceno, Chileno, Mon\u00f3xido de Carbono y Tricloroetileno).<\/span><\/p>\n<p dir=\"ltr\" data-placeholder=\"Traducci\u00f3n\">Maceta decorativa no incluida.<\/p>\n","protected":false},"featured_media":3711,"template":"","meta":[],"_links":{"self":[{"href":"https:\/\/tandemgarden.com\/es\/wp-json\/wp\/v2\/product\/3712"}],"collection":[{"href":"https:\/\/tandemgarden.com\/es\/wp-json\/wp\/v2\/product"}],"about":[{"href":"https:\/\/tandemgarden.com\/es\/wp-json\/wp\/v2\/types\/product"}],"wp:featuredmedia":[{"embeddable":true,"href":"https:\/\/tandemgarden.com\/es\/wp-json\/wp\/v2\/media\/3711"}],"wp:attachment":[{"href":"https:\/\/tandemgarden.com\/es\/wp-json\/wp\/v2\/media?parent=3712"}],"curies":[{"name":"wp","href":"https:\/\/api.w.org\/{rel}","templated":true}]}}