{"id":3651,"date":"2020-11-18T22:33:12","date_gmt":"2020-11-18T22:33:12","guid":{"rendered":"https:\/\/tandemgarden.com\/product\/zamioculca\/"},"modified":"2025-02-18T11:28:21","modified_gmt":"2025-02-18T10:28:21","slug":"zamioculca","status":"publish","type":"product","link":"https:\/\/tandemgarden.com\/es\/producto\/zamioculca\/","title":{"rendered":"Zamioculca"},"content":{"rendered":"","protected":false},"excerpt":{"rendered":"<p id=\"tw-target-text\" class=\"tw-data-text tw-text-large XcVN5d tw-ta\" dir=\"ltr\" data-placeholder=\"Traducci\u00f3n\"><span lang=\"es\">Planta extremadamente resistente y poco exigente, ideal para principiantes. Destaca por el verde de sus hojas brillantes y, junto con las ra\u00edces, son una reserva de agua para la propia planta. Es una planta ideal para el interior ya que no tolera el fr\u00edo. Es conocida por su capacidad purificadora del aire, sobre todo de part\u00edculas qu\u00edmicas de los productos de limpieza.<\/span><\/p>\n<p dir=\"ltr\" data-placeholder=\"Traducci\u00f3n\">Maceta decorativa no incluida.<\/p>\n","protected":false},"featured_media":3648,"template":"","meta":[],"_links":{"self":[{"href":"https:\/\/tandemgarden.com\/es\/wp-json\/wp\/v2\/product\/3651"}],"collection":[{"href":"https:\/\/tandemgarden.com\/es\/wp-json\/wp\/v2\/product"}],"about":[{"href":"https:\/\/tandemgarden.com\/es\/wp-json\/wp\/v2\/types\/product"}],"wp:featuredmedia":[{"embeddable":true,"href":"https:\/\/tandemgarden.com\/es\/wp-json\/wp\/v2\/media\/3648"}],"wp:attachment":[{"href":"https:\/\/tandemgarden.com\/es\/wp-json\/wp\/v2\/media?parent=3651"}],"curies":[{"name":"wp","href":"https:\/\/api.w.org\/{rel}","templated":true}]}}