{"id":3641,"date":"2020-11-18T22:22:20","date_gmt":"2020-11-18T22:22:20","guid":{"rendered":"https:\/\/tandemgarden.com\/product\/cuerno-de-alce\/"},"modified":"2020-11-18T22:22:20","modified_gmt":"2020-11-18T22:22:20","slug":"cuerno-de-alce","status":"publish","type":"product","link":"https:\/\/tandemgarden.com\/es\/producto\/cuerno-de-alce\/","title":{"rendered":"Cuerno de Alce"},"content":{"rendered":"","protected":false},"excerpt":{"rendered":"<p id=\"tw-target-text\" class=\"tw-data-text tw-text-large XcVN5d tw-ta\" dir=\"ltr\" data-placeholder=\"Traducci\u00f3n\"><span lang=\"es\">Es un tipo de helecho muy original y muy curioso, tanto por la forma de \u00abcuerno de alce\u00bb como por sus caracter\u00edsticas: es una planta ep\u00edfita, es decir, crece sobre otro vegetal (pero no lo parasita) y es a\u00e9rea , ya que no arraiga sobre el suelo. Es f\u00e1cil de cuidar y necesita mucha humedad de ambiente, claridad (no luz directa) y es recomendable el riego por inmersi\u00f3n. <\/span><\/p>\n<p class=\"tw-data-text tw-text-large XcVN5d tw-ta\" dir=\"ltr\" data-placeholder=\"Traducci\u00f3n\"><span lang=\"es\">Maceta decorativa no incluida.<\/span><\/p>\n","protected":false},"featured_media":3632,"template":"","meta":[],"_links":{"self":[{"href":"https:\/\/tandemgarden.com\/es\/wp-json\/wp\/v2\/product\/3641"}],"collection":[{"href":"https:\/\/tandemgarden.com\/es\/wp-json\/wp\/v2\/product"}],"about":[{"href":"https:\/\/tandemgarden.com\/es\/wp-json\/wp\/v2\/types\/product"}],"wp:featuredmedia":[{"embeddable":true,"href":"https:\/\/tandemgarden.com\/es\/wp-json\/wp\/v2\/media\/3632"}],"wp:attachment":[{"href":"https:\/\/tandemgarden.com\/es\/wp-json\/wp\/v2\/media?parent=3641"}],"curies":[{"name":"wp","href":"https:\/\/api.w.org\/{rel}","templated":true}]}}