{"id":3634,"date":"2020-11-18T22:11:11","date_gmt":"2020-11-18T22:11:11","guid":{"rendered":"https:\/\/tandemgarden.com\/product\/aralia-del-japon\/"},"modified":"2020-11-18T22:11:11","modified_gmt":"2020-11-18T22:11:11","slug":"aralia-del-japon","status":"publish","type":"product","link":"https:\/\/tandemgarden.com\/es\/producto\/aralia-del-japon\/","title":{"rendered":"Aralia de Jap\u00f3n"},"content":{"rendered":"","protected":false},"excerpt":{"rendered":"<p id=\"tw-target-text\" class=\"tw-data-text tw-text-large XcVN5d tw-ta\" dir=\"ltr\" data-placeholder=\"Traducci\u00f3n\"><span lang=\"es\">Maceta de pl\u00e1stico de 15 cm de di\u00e1metro. <\/span><\/p>\n<p class=\"tw-data-text tw-text-large XcVN5d tw-ta\" dir=\"ltr\" data-placeholder=\"Traducci\u00f3n\"><span lang=\"es\">La palabra Fatsia deriva del antiguo japon\u00e9s \u00abFats\u00bb que significa ocho, y se refiere a los ocho l\u00f3bulos caracter\u00edsticos de sus hojas. Se la conoce como una planta de interior, pero en realidad es un arbusto y tambi\u00e9n aguanta bien en el exterior a la sombra. <\/span><\/p>\n<p class=\"tw-data-text tw-text-large XcVN5d tw-ta\" dir=\"ltr\" data-placeholder=\"Traducci\u00f3n\"><span lang=\"es\">Maceta decorativa no incluida.<\/span><\/p>\n","protected":false},"featured_media":3624,"template":"","meta":[],"_links":{"self":[{"href":"https:\/\/tandemgarden.com\/es\/wp-json\/wp\/v2\/product\/3634"}],"collection":[{"href":"https:\/\/tandemgarden.com\/es\/wp-json\/wp\/v2\/product"}],"about":[{"href":"https:\/\/tandemgarden.com\/es\/wp-json\/wp\/v2\/types\/product"}],"wp:featuredmedia":[{"embeddable":true,"href":"https:\/\/tandemgarden.com\/es\/wp-json\/wp\/v2\/media\/3624"}],"wp:attachment":[{"href":"https:\/\/tandemgarden.com\/es\/wp-json\/wp\/v2\/media?parent=3634"}],"curies":[{"name":"wp","href":"https:\/\/api.w.org\/{rel}","templated":true}]}}