{"id":3633,"date":"2020-11-18T22:08:52","date_gmt":"2020-11-18T22:08:52","guid":{"rendered":"https:\/\/tandemgarden.com\/product\/croton\/"},"modified":"2020-11-18T22:08:52","modified_gmt":"2020-11-18T22:08:52","slug":"croton","status":"publish","type":"product","link":"https:\/\/tandemgarden.com\/es\/producto\/croton\/","title":{"rendered":"Croton"},"content":{"rendered":"","protected":false},"excerpt":{"rendered":"<p id=\"tw-target-text\" class=\"tw-data-text tw-text-large XcVN5d tw-ta\" dir=\"ltr\" data-placeholder=\"Traducci\u00f3n\"><span lang=\"es\">Maceta de pl\u00e1stico de 17 cm de di\u00e1metro. Es una de las plantas que dan m\u00e1s alegr\u00eda los espacios s\u00f3lo con los colores espectaculares de sus hojas, con tonalidades propias del oto\u00f1o (rojo, naranja, amarillo y verde). Como curiosidad, absorbe las malas energ\u00edas de casa, por el que se recomienda colocarla cerca de puertas o ventanas. <\/span><\/p>\n<p class=\"tw-data-text tw-text-large XcVN5d tw-ta\" dir=\"ltr\" data-placeholder=\"Traducci\u00f3n\"><span lang=\"es\">Maceta decorativa no incluida.\u00a0<\/span><\/p>\n","protected":false},"featured_media":3626,"template":"","meta":[],"_links":{"self":[{"href":"https:\/\/tandemgarden.com\/es\/wp-json\/wp\/v2\/product\/3633"}],"collection":[{"href":"https:\/\/tandemgarden.com\/es\/wp-json\/wp\/v2\/product"}],"about":[{"href":"https:\/\/tandemgarden.com\/es\/wp-json\/wp\/v2\/types\/product"}],"wp:featuredmedia":[{"embeddable":true,"href":"https:\/\/tandemgarden.com\/es\/wp-json\/wp\/v2\/media\/3626"}],"wp:attachment":[{"href":"https:\/\/tandemgarden.com\/es\/wp-json\/wp\/v2\/media?parent=3633"}],"curies":[{"name":"wp","href":"https:\/\/api.w.org\/{rel}","templated":true}]}}