{"id":3613,"date":"2020-11-18T21:56:39","date_gmt":"2020-11-18T21:56:39","guid":{"rendered":"https:\/\/tandemgarden.com\/product\/ficus-elastica\/"},"modified":"2025-02-18T12:12:47","modified_gmt":"2025-02-18T11:12:47","slug":"ficus-elastica","status":"publish","type":"product","link":"https:\/\/tandemgarden.com\/es\/producto\/ficus-elastica\/","title":{"rendered":"Ficus Elastica"},"content":{"rendered":"","protected":false},"excerpt":{"rendered":"<p id=\"tw-target-text\" class=\"tw-data-text tw-text-large XcVN5d tw-ta\" dir=\"ltr\" data-placeholder=\"Traducci\u00f3n\"><span lang=\"es\">Planta conocida como Ficus robusta, de f\u00e1cil mantenimiento. Destaca por sus hojas muy anchas y de color verde intenso. En un ambiente adquir\u00edan es una planta que genera muchas hojas nuevas, que crecen r\u00e1pidamente y en forma de punta. <\/span><\/p>\n<p class=\"tw-data-text tw-text-large XcVN5d tw-ta\" dir=\"ltr\" data-placeholder=\"Traducci\u00f3n\"><span lang=\"es\">Maceta decorativa no incluida.<\/span><\/p>\n","protected":false},"featured_media":3601,"template":"","meta":[],"_links":{"self":[{"href":"https:\/\/tandemgarden.com\/es\/wp-json\/wp\/v2\/product\/3613"}],"collection":[{"href":"https:\/\/tandemgarden.com\/es\/wp-json\/wp\/v2\/product"}],"about":[{"href":"https:\/\/tandemgarden.com\/es\/wp-json\/wp\/v2\/types\/product"}],"wp:featuredmedia":[{"embeddable":true,"href":"https:\/\/tandemgarden.com\/es\/wp-json\/wp\/v2\/media\/3601"}],"wp:attachment":[{"href":"https:\/\/tandemgarden.com\/es\/wp-json\/wp\/v2\/media?parent=3613"}],"curies":[{"name":"wp","href":"https:\/\/api.w.org\/{rel}","templated":true}]}}