{"id":3582,"date":"2020-11-18T21:36:46","date_gmt":"2020-11-18T21:36:46","guid":{"rendered":"https:\/\/tandemgarden.com\/product\/ficus-benjamina\/"},"modified":"2022-09-26T18:48:38","modified_gmt":"2022-09-26T17:48:38","slug":"ficus-benjamina","status":"publish","type":"product","link":"https:\/\/tandemgarden.com\/es\/producto\/ficus-benjamina\/","title":{"rendered":"Ficus Benjamina"},"content":{"rendered":"","protected":false},"excerpt":{"rendered":"<p id=\"tw-target-text\" class=\"tw-data-text tw-text-large XcVN5d tw-ta\" dir=\"ltr\" data-placeholder=\"Traducci\u00f3n\"><span lang=\"es\">Es el \u00e1rbol oficial de Bangkok y se utiliza en el arte tup\u00ed. Es el \u00e1rbol m\u00e1s com\u00fan en el interior de nuestras casas, ya que es muy f\u00e1cil de cuidar y crece r\u00e1pidamente. Sus hojas son anchas, aunque de peque\u00f1o tama\u00f1o, y de color verde oscuro. Ideal para aportar un toque de color verde en tu casa.<\/span><\/p>\n<p class=\"tw-data-text tw-text-large XcVN5d tw-ta\" dir=\"ltr\" data-placeholder=\"Traducci\u00f3n\"><span lang=\"es\">Maceta decorativa no incluida.\u00a0<\/span><\/p>\n","protected":false},"featured_media":3581,"template":"","meta":[],"_links":{"self":[{"href":"https:\/\/tandemgarden.com\/es\/wp-json\/wp\/v2\/product\/3582"}],"collection":[{"href":"https:\/\/tandemgarden.com\/es\/wp-json\/wp\/v2\/product"}],"about":[{"href":"https:\/\/tandemgarden.com\/es\/wp-json\/wp\/v2\/types\/product"}],"wp:featuredmedia":[{"embeddable":true,"href":"https:\/\/tandemgarden.com\/es\/wp-json\/wp\/v2\/media\/3581"}],"wp:attachment":[{"href":"https:\/\/tandemgarden.com\/es\/wp-json\/wp\/v2\/media?parent=3582"}],"curies":[{"name":"wp","href":"https:\/\/api.w.org\/{rel}","templated":true}]}}