{"id":3570,"date":"2020-11-18T21:26:56","date_gmt":"2020-11-18T21:26:56","guid":{"rendered":"https:\/\/tandemgarden.com\/product\/pata-de-elefante\/"},"modified":"2020-11-27T18:05:58","modified_gmt":"2020-11-27T18:05:58","slug":"pata-de-elefante","status":"publish","type":"product","link":"https:\/\/tandemgarden.com\/es\/producto\/pata-de-elefante\/","title":{"rendered":"Pata de elefante"},"content":{"rendered":"","protected":false},"excerpt":{"rendered":"<p>La pata de elefante es una planta suculenta que en estado salvaje puede llegar a alturas hasta 10 metros, pero en maceta, su crecimiento es muy lento y no suele superar 1 metro. Su rasgo m\u00e1s caracter\u00edstico es que su \u00fanico tronco ampl\u00eda considerablemente a su base, donde guarda las reservas de agua y nutrientes. Sus hojas son finas y largas que caen en forma de cascada y de color verde intenso. Es muy decorativa, original y f\u00e1cil de cuidar.<\/p>\n<p>Maceta decorativa no incluida.<\/p>\n","protected":false},"featured_media":3566,"template":"","meta":[],"_links":{"self":[{"href":"https:\/\/tandemgarden.com\/es\/wp-json\/wp\/v2\/product\/3570"}],"collection":[{"href":"https:\/\/tandemgarden.com\/es\/wp-json\/wp\/v2\/product"}],"about":[{"href":"https:\/\/tandemgarden.com\/es\/wp-json\/wp\/v2\/types\/product"}],"wp:featuredmedia":[{"embeddable":true,"href":"https:\/\/tandemgarden.com\/es\/wp-json\/wp\/v2\/media\/3566"}],"wp:attachment":[{"href":"https:\/\/tandemgarden.com\/es\/wp-json\/wp\/v2\/media?parent=3570"}],"curies":[{"name":"wp","href":"https:\/\/api.w.org\/{rel}","templated":true}]}}