{"id":3532,"date":"2020-11-18T20:53:13","date_gmt":"2020-11-18T20:53:13","guid":{"rendered":"https:\/\/tandemgarden.com\/product\/helecho-nido-de-ave\/"},"modified":"2020-11-18T20:53:13","modified_gmt":"2020-11-18T20:53:13","slug":"helecho-nido-de-ave","status":"publish","type":"product","link":"https:\/\/tandemgarden.com\/es\/producto\/helecho-nido-de-ave\/","title":{"rendered":"Helecho nido de ave"},"content":{"rendered":"","protected":false},"excerpt":{"rendered":"<p id=\"tw-target-text\" class=\"tw-data-text tw-text-large XcVN5d tw-ta\" dir=\"ltr\" data-placeholder=\"Traducci\u00f3n\"><span lang=\"es\">Maceta de pl\u00e1stico de 11 cm de di\u00e1metro. <\/span><\/p>\n<p class=\"tw-data-text tw-text-large XcVN5d tw-ta\" dir=\"ltr\" data-placeholder=\"Traducci\u00f3n\"><span lang=\"es\">Es un tipo de helecho que tiene unas hojas lisas y marcadas con ondulaciones que parece que est\u00e9n rodeando un nido de p\u00e1jaro, por eso se la conoce como Helecho Nido de Ave. Es muy f\u00e1cil de cuidar y es una planta ep\u00edfeta (en el lugar de origen crece sobre los \u00e1rboles y otros vegetales). Sus hojas forman una roset\u00f3n en el centro de la planta, de donde suelen nacer las hojas m\u00e1s frondosas, y donde recogen el agua de la lluvia. Muy utilizada en decoraci\u00f3n de interior por su frescura y verde intenso. <\/span><\/p>\n<p class=\"tw-data-text tw-text-large XcVN5d tw-ta\" dir=\"ltr\" data-placeholder=\"Traducci\u00f3n\"><span lang=\"es\">Maceta decorativa no incluida.\u00a0<\/span><\/p>\n","protected":false},"featured_media":3528,"template":"","meta":[],"_links":{"self":[{"href":"https:\/\/tandemgarden.com\/es\/wp-json\/wp\/v2\/product\/3532"}],"collection":[{"href":"https:\/\/tandemgarden.com\/es\/wp-json\/wp\/v2\/product"}],"about":[{"href":"https:\/\/tandemgarden.com\/es\/wp-json\/wp\/v2\/types\/product"}],"wp:featuredmedia":[{"embeddable":true,"href":"https:\/\/tandemgarden.com\/es\/wp-json\/wp\/v2\/media\/3528"}],"wp:attachment":[{"href":"https:\/\/tandemgarden.com\/es\/wp-json\/wp\/v2\/media?parent=3532"}],"curies":[{"name":"wp","href":"https:\/\/api.w.org\/{rel}","templated":true}]}}