{"id":3474,"date":"2020-11-18T20:44:52","date_gmt":"2020-11-19T00:07:02","guid":{"rendered":"https:\/\/tandemgarden.com?post_type=product&#038;p=3474"},"modified":"2022-09-29T16:13:50","modified_gmt":"2022-09-29T15:13:50","slug":"tronco-de-brasil","status":"publish","type":"product","link":"https:\/\/tandemgarden.com\/es\/producto\/tronco-de-brasil\/","title":{"rendered":"Tronco de Brasil"},"content":{"rendered":"","protected":false},"excerpt":{"rendered":"<p>El Tronco de Brasil es una de las Dracenas m\u00e1s populares. Sus hojas est\u00e1n matizadas en diferentes tonos de verde y, seg\u00fan va creciendo, pierde las hojas inferiores dejando al descubierto un tronco robusto y muy decorativo.<\/p>\n<p>Maceta decorativo no incluido.<\/p>\n","protected":false},"featured_media":3521,"template":"","meta":[],"_links":{"self":[{"href":"https:\/\/tandemgarden.com\/es\/wp-json\/wp\/v2\/product\/3474"}],"collection":[{"href":"https:\/\/tandemgarden.com\/es\/wp-json\/wp\/v2\/product"}],"about":[{"href":"https:\/\/tandemgarden.com\/es\/wp-json\/wp\/v2\/types\/product"}],"wp:featuredmedia":[{"embeddable":true,"href":"https:\/\/tandemgarden.com\/es\/wp-json\/wp\/v2\/media\/3521"}],"wp:attachment":[{"href":"https:\/\/tandemgarden.com\/es\/wp-json\/wp\/v2\/media?parent=3474"}],"curies":[{"name":"wp","href":"https:\/\/api.w.org\/{rel}","templated":true}]}}