{"id":3361,"date":"2020-11-18T18:19:12","date_gmt":"2020-11-18T18:20:17","guid":{"rendered":"https:\/\/tandemgarden.com?post_type=product&#038;p=3361"},"modified":"2020-11-18T18:20:17","modified_gmt":"2020-11-18T18:20:17","slug":"potos","status":"publish","type":"product","link":"https:\/\/tandemgarden.com\/es\/producto\/potos\/","title":{"rendered":"Potos"},"content":{"rendered":"","protected":false},"excerpt":{"rendered":"<p id=\"tw-target-text\" class=\"tw-data-text tw-text-large XcVN5d tw-ta\" dir=\"ltr\" data-placeholder=\"Traducci\u00f3n\"><span lang=\"es\">Es una planta de colgar que destaca por sus tonos verdes y amarillos y la forma de coraz\u00f3n de sus hojas. F\u00e1cil de cuidar y crece de forma r\u00e1pida. No necesita mucha luz.<\/span><\/p>\n<p dir=\"ltr\" data-placeholder=\"Traducci\u00f3n\">\n","protected":false},"featured_media":3372,"template":"","meta":[],"_links":{"self":[{"href":"https:\/\/tandemgarden.com\/es\/wp-json\/wp\/v2\/product\/3361"}],"collection":[{"href":"https:\/\/tandemgarden.com\/es\/wp-json\/wp\/v2\/product"}],"about":[{"href":"https:\/\/tandemgarden.com\/es\/wp-json\/wp\/v2\/types\/product"}],"wp:featuredmedia":[{"embeddable":true,"href":"https:\/\/tandemgarden.com\/es\/wp-json\/wp\/v2\/media\/3372"}],"wp:attachment":[{"href":"https:\/\/tandemgarden.com\/es\/wp-json\/wp\/v2\/media?parent=3361"}],"curies":[{"name":"wp","href":"https:\/\/api.w.org\/{rel}","templated":true}]}}