{"id":2228,"date":"2021-01-08T14:25:21","date_gmt":"2020-11-16T14:25:21","guid":{"rendered":"https:\/\/tandemgarden.com\/product\/kit-de-cultivo-facil-gatos\/"},"modified":"2020-11-16T14:25:21","modified_gmt":"2020-11-16T14:25:21","slug":"kit-de-cultivo-facil-gatos","status":"publish","type":"product","link":"https:\/\/tandemgarden.com\/es\/producto\/kit-de-cultivo-facil-gatos\/","title":{"rendered":"Kit de cultivo f\u00e1cil Gatos"},"content":{"rendered":"","protected":false},"excerpt":{"rendered":"<p>El kit de cultivo f\u00e1cil Gatos contiene todo lo necesario para que puedas cultivar y ofrecer a tu mascota dos tipos de hierbas ue le ayudar\u00e1n a recuperar su equilibrio intestinal, a purgarse y en el caso de la menta, a disfrutar de su intenso atractivo. As\u00ed de f\u00e1cil\u2026 montar, plantar y disfrutar.<\/p>\n<p>Contiene la mesa de cultivo, la fibra de coco, el fertilizante guano y dos sobres de semillas.<\/p>\n","protected":false},"featured_media":2512,"template":"","meta":[],"_links":{"self":[{"href":"https:\/\/tandemgarden.com\/es\/wp-json\/wp\/v2\/product\/2228"}],"collection":[{"href":"https:\/\/tandemgarden.com\/es\/wp-json\/wp\/v2\/product"}],"about":[{"href":"https:\/\/tandemgarden.com\/es\/wp-json\/wp\/v2\/types\/product"}],"wp:featuredmedia":[{"embeddable":true,"href":"https:\/\/tandemgarden.com\/es\/wp-json\/wp\/v2\/media\/2512"}],"wp:attachment":[{"href":"https:\/\/tandemgarden.com\/es\/wp-json\/wp\/v2\/media?parent=2228"}],"curies":[{"name":"wp","href":"https:\/\/api.w.org\/{rel}","templated":true}]}}