{"id":2219,"date":"2021-01-08T14:09:46","date_gmt":"2020-11-16T14:09:46","guid":{"rendered":"https:\/\/tandemgarden.com\/product\/huerto-urbano-para-ninos\/"},"modified":"2020-11-16T14:13:16","modified_gmt":"2020-11-16T14:13:16","slug":"huerto-urbano-para-ninos","status":"publish","type":"product","link":"https:\/\/tandemgarden.com\/es\/producto\/huerto-urbano-para-ninos\/","title":{"rendered":"Kit de cultivo f\u00e1cil para para ni\u00f1os"},"content":{"rendered":"","protected":false},"excerpt":{"rendered":"<p>El huerto urbano para ni\u00f1os contiene todo lo necesario para que los ni\u00f1os descubran la divertida adtividad de iniciarse en el cuidado de cultivo de un huerto en casa. Toda la familia podr\u00e1 participar sembrando, regando, recogiendo los tomates y hojas de baby leaves para preparar deliciosas ensaladas. As\u00ed de f\u00e1cil.<\/p>\n<p>Incluye la mesa de cultivo, la fibra de coco, fertilizante guano y dos sobres de semillas.<\/p>\n","protected":false},"featured_media":2508,"template":"","meta":[],"_links":{"self":[{"href":"https:\/\/tandemgarden.com\/es\/wp-json\/wp\/v2\/product\/2219"}],"collection":[{"href":"https:\/\/tandemgarden.com\/es\/wp-json\/wp\/v2\/product"}],"about":[{"href":"https:\/\/tandemgarden.com\/es\/wp-json\/wp\/v2\/types\/product"}],"wp:featuredmedia":[{"embeddable":true,"href":"https:\/\/tandemgarden.com\/es\/wp-json\/wp\/v2\/media\/2508"}],"wp:attachment":[{"href":"https:\/\/tandemgarden.com\/es\/wp-json\/wp\/v2\/media?parent=2219"}],"curies":[{"name":"wp","href":"https:\/\/api.w.org\/{rel}","templated":true}]}}