{"id":2213,"date":"2021-01-08T13:59:30","date_gmt":"2020-11-16T13:59:30","guid":{"rendered":"https:\/\/tandemgarden.com\/product\/huerto-urbano-vintage\/"},"modified":"2020-11-16T13:59:30","modified_gmt":"2020-11-16T13:59:30","slug":"huerto-urbano-vintage","status":"publish","type":"product","link":"https:\/\/tandemgarden.com\/es\/producto\/huerto-urbano-vintage\/","title":{"rendered":"Huerto urbano vintage"},"content":{"rendered":"","protected":false},"excerpt":{"rendered":"<p>El huerto urbano vintage es un kit de cultivo que contiene todos los productos necesarios para cultivar nuestras propias hortalizas, arom\u00e1ticas y culinarias en un espacio muy reducido de manera c\u00f3moda y f\u00e1cil. Ideal para disfrutar con toda la familia con unos resultados sorprendentes en pocos d\u00edas.<\/p>\n<p>Incluye na caja de madera maciza, una malla geot\u00e9xtil, un pack de fibra de coco, un saco de sustrato humus de lombriz como medio de cultivo, cinco sobres de semillas con baby leaves, albahaca, perejil, tomate y calabac\u00edn y un sobre para obtener 5 litros de fertilizante ecol\u00f3gico guano.<\/p>\n","protected":false},"featured_media":2514,"template":"","meta":[],"_links":{"self":[{"href":"https:\/\/tandemgarden.com\/es\/wp-json\/wp\/v2\/product\/2213"}],"collection":[{"href":"https:\/\/tandemgarden.com\/es\/wp-json\/wp\/v2\/product"}],"about":[{"href":"https:\/\/tandemgarden.com\/es\/wp-json\/wp\/v2\/types\/product"}],"wp:featuredmedia":[{"embeddable":true,"href":"https:\/\/tandemgarden.com\/es\/wp-json\/wp\/v2\/media\/2514"}],"wp:attachment":[{"href":"https:\/\/tandemgarden.com\/es\/wp-json\/wp\/v2\/media?parent=2213"}],"curies":[{"name":"wp","href":"https:\/\/api.w.org\/{rel}","templated":true}]}}