{"id":1979,"date":"2020-11-15T22:02:58","date_gmt":"2020-11-15T22:02:58","guid":{"rendered":"https:\/\/tandemgarden.com\/product\/kit-de-cultivo-leo\/"},"modified":"2020-11-15T22:02:58","modified_gmt":"2020-11-15T22:02:58","slug":"kit-de-cultivo-leo","status":"publish","type":"product","link":"https:\/\/tandemgarden.com\/es\/producto\/kit-de-cultivo-leo\/","title":{"rendered":"Kit de cultivo LEO"},"content":{"rendered":"","protected":false},"excerpt":{"rendered":"<p id=\"tw-target-text\" class=\"tw-data-text tw-text-large XcVN5d tw-ta\" dir=\"ltr\" data-placeholder=\"Traducci\u00f3n\"><span lang=\"es\">La mesa de cultivo Leo es un c\u00f3modo y completo kit de huerto urbano especialmente dise\u00f1ado para la iniciaci\u00f3n al cultivo. Incluye todo el material para empezar a cultivar: humus de lombriz, fibra de coco, fertilizante, semillas y pala. Est\u00e1 fabricado con madera de pino n\u00f3rdico de alta calidad, adecuado para el uso exterior sin necesidad de barnizarlo. Incluye tela geotextil para el correcto drenaje del agua y utensilios para montarlo.<\/span><\/p>\n<p dir=\"ltr\" data-placeholder=\"Traducci\u00f3n\">Capacidad 35 L.<\/p>\n","protected":false},"featured_media":5139,"template":"","meta":[],"_links":{"self":[{"href":"https:\/\/tandemgarden.com\/es\/wp-json\/wp\/v2\/product\/1979"}],"collection":[{"href":"https:\/\/tandemgarden.com\/es\/wp-json\/wp\/v2\/product"}],"about":[{"href":"https:\/\/tandemgarden.com\/es\/wp-json\/wp\/v2\/types\/product"}],"wp:featuredmedia":[{"embeddable":true,"href":"https:\/\/tandemgarden.com\/es\/wp-json\/wp\/v2\/media\/5139"}],"wp:attachment":[{"href":"https:\/\/tandemgarden.com\/es\/wp-json\/wp\/v2\/media?parent=1979"}],"curies":[{"name":"wp","href":"https:\/\/api.w.org\/{rel}","templated":true}]}}