{"id":1953,"date":"2021-01-08T21:46:21","date_gmt":"2020-11-15T21:46:21","guid":{"rendered":"https:\/\/tandemgarden.com\/product\/huerto-urbano-box\/"},"modified":"2020-11-15T21:46:21","modified_gmt":"2020-11-15T21:46:21","slug":"huerto-urbano-box","status":"publish","type":"product","link":"https:\/\/tandemgarden.com\/es\/producto\/huerto-urbano-box\/","title":{"rendered":"Huerto urbano Box"},"content":{"rendered":"","protected":false},"excerpt":{"rendered":"<p id=\"tw-target-text\" class=\"tw-data-text tw-text-large XcVN5d tw-ta\" dir=\"ltr\" data-placeholder=\"Traducci\u00f3n\"><span lang=\"es\">El caj\u00f3n de cultivo Box XL80 est\u00e1 fabricado con madera de pino n\u00f3rdico de alta calidad, adecuado para el uso exterior sin necesidad de barnizarlo. Incluye tela geotextil para el correcto drenaje del agua y utensilios para montarlo. <\/span><\/p>\n<p class=\"tw-data-text tw-text-large XcVN5d tw-ta\" dir=\"ltr\" data-placeholder=\"Traducci\u00f3n\"><span lang=\"es\">Capacidad 390 L.<\/span><\/p>\n","protected":false},"featured_media":2573,"template":"","meta":[],"_links":{"self":[{"href":"https:\/\/tandemgarden.com\/es\/wp-json\/wp\/v2\/product\/1953"}],"collection":[{"href":"https:\/\/tandemgarden.com\/es\/wp-json\/wp\/v2\/product"}],"about":[{"href":"https:\/\/tandemgarden.com\/es\/wp-json\/wp\/v2\/types\/product"}],"wp:featuredmedia":[{"embeddable":true,"href":"https:\/\/tandemgarden.com\/es\/wp-json\/wp\/v2\/media\/2573"}],"wp:attachment":[{"href":"https:\/\/tandemgarden.com\/es\/wp-json\/wp\/v2\/media?parent=1953"}],"curies":[{"name":"wp","href":"https:\/\/api.w.org\/{rel}","templated":true}]}}