{"id":1876,"date":"2020-11-15T20:55:06","date_gmt":"2020-11-15T20:55:06","guid":{"rendered":"https:\/\/tandemgarden.com\/product\/spray-de-pintura-negra-anticalorica\/"},"modified":"2020-11-15T20:55:06","modified_gmt":"2020-11-15T20:55:06","slug":"spray-de-pintura-negra-anticalorica","status":"publish","type":"product","link":"https:\/\/tandemgarden.com\/es\/producto\/spray-de-pintura-negra-anticalorica\/","title":{"rendered":"Spray de pintura negra antical\u00f3rica"},"content":{"rendered":"","protected":false},"excerpt":{"rendered":"<p>400 ml<\/p>\n<p>Pintura antical\u00f3rica de color negro formulada para proteger y decorar superficies met\u00e1licas que requieran de resistencia a altas temperaturas en interiores y exteriores con un secado r\u00e1pido. Resiste hasta 600\u00baC.<\/p>\n","protected":false},"featured_media":2771,"template":"","meta":[],"_links":{"self":[{"href":"https:\/\/tandemgarden.com\/es\/wp-json\/wp\/v2\/product\/1876"}],"collection":[{"href":"https:\/\/tandemgarden.com\/es\/wp-json\/wp\/v2\/product"}],"about":[{"href":"https:\/\/tandemgarden.com\/es\/wp-json\/wp\/v2\/types\/product"}],"wp:featuredmedia":[{"embeddable":true,"href":"https:\/\/tandemgarden.com\/es\/wp-json\/wp\/v2\/media\/2771"}],"wp:attachment":[{"href":"https:\/\/tandemgarden.com\/es\/wp-json\/wp\/v2\/media?parent=1876"}],"curies":[{"name":"wp","href":"https:\/\/api.w.org\/{rel}","templated":true}]}}