{"id":1870,"date":"2020-11-15T20:53:20","date_gmt":"2020-11-15T20:53:20","guid":{"rendered":"https:\/\/tandemgarden.com\/product\/liquido-limpiador-para-cristales\/"},"modified":"2020-11-15T20:53:20","modified_gmt":"2020-11-15T20:53:20","slug":"liquido-limpiador-para-cristales","status":"publish","type":"product","link":"https:\/\/tandemgarden.com\/es\/producto\/liquido-limpiador-para-cristales\/","title":{"rendered":"L\u00edquido limpiador para cristales"},"content":{"rendered":"","protected":false},"excerpt":{"rendered":"<p>0,5 L<\/p>\n<p>L\u00edquido limpia-cristales que elimina de forma eficaz el holl\u00edn, la grasa, resinas y alquitr\u00e1n.<\/p>\n","protected":false},"featured_media":2773,"template":"","meta":[],"_links":{"self":[{"href":"https:\/\/tandemgarden.com\/es\/wp-json\/wp\/v2\/product\/1870"}],"collection":[{"href":"https:\/\/tandemgarden.com\/es\/wp-json\/wp\/v2\/product"}],"about":[{"href":"https:\/\/tandemgarden.com\/es\/wp-json\/wp\/v2\/types\/product"}],"wp:featuredmedia":[{"embeddable":true,"href":"https:\/\/tandemgarden.com\/es\/wp-json\/wp\/v2\/media\/2773"}],"wp:attachment":[{"href":"https:\/\/tandemgarden.com\/es\/wp-json\/wp\/v2\/media?parent=1870"}],"curies":[{"name":"wp","href":"https:\/\/api.w.org\/{rel}","templated":true}]}}