{"id":1791,"date":"2020-11-15T20:36:00","date_gmt":"2020-11-15T20:36:00","guid":{"rendered":"https:\/\/tandemgarden.com\/product\/combustible-bioetanol\/"},"modified":"2020-11-15T20:36:00","modified_gmt":"2020-11-15T20:36:00","slug":"combustible-bioetanol","status":"publish","type":"product","link":"https:\/\/tandemgarden.com\/es\/producto\/combustible-bioetanol\/","title":{"rendered":"Combustible bioetanol"},"content":{"rendered":"","protected":false},"excerpt":{"rendered":"<p>1 L<\/p>\n<p>L\u00edquido para l\u00e1mparas de bioetanol sin olor y de larga duraci\u00f3n. Apto para interior y exterior.<\/p>\n","protected":false},"featured_media":2767,"template":"","meta":[],"_links":{"self":[{"href":"https:\/\/tandemgarden.com\/es\/wp-json\/wp\/v2\/product\/1791"}],"collection":[{"href":"https:\/\/tandemgarden.com\/es\/wp-json\/wp\/v2\/product"}],"about":[{"href":"https:\/\/tandemgarden.com\/es\/wp-json\/wp\/v2\/types\/product"}],"wp:featuredmedia":[{"embeddable":true,"href":"https:\/\/tandemgarden.com\/es\/wp-json\/wp\/v2\/media\/2767"}],"wp:attachment":[{"href":"https:\/\/tandemgarden.com\/es\/wp-json\/wp\/v2\/media?parent=1791"}],"curies":[{"name":"wp","href":"https:\/\/api.w.org\/{rel}","templated":true}]}}