{"id":1445,"date":"2020-11-15T16:39:26","date_gmt":"2020-11-15T17:08:38","guid":{"rendered":"https:\/\/tandemgarden.com?post_type=product&#038;p=1445"},"modified":"2023-01-02T12:37:31","modified_gmt":"2023-01-02T11:37:31","slug":"pala-multiuso","status":"publish","type":"product","link":"https:\/\/tandemgarden.com\/es\/producto\/pala-multiuso\/","title":{"rendered":"Pala multiuso"},"content":{"rendered":"","protected":false},"excerpt":{"rendered":"<p>Pala de m\u00e1xima duraci\u00f3n con chapa de m\u00e1xima calidad, tratada t\u00e9rmicamente y acabada con pintuda epoxi. Gran elasticidad y resist\u00e9ncia a las deformaciones. Perfecta uni\u00f3n de la hoja con el mango de madera ligera.<\/p>\n<p>68 cm<\/p>\n","protected":false},"featured_media":9362,"template":"","meta":[],"_links":{"self":[{"href":"https:\/\/tandemgarden.com\/es\/wp-json\/wp\/v2\/product\/1445"}],"collection":[{"href":"https:\/\/tandemgarden.com\/es\/wp-json\/wp\/v2\/product"}],"about":[{"href":"https:\/\/tandemgarden.com\/es\/wp-json\/wp\/v2\/types\/product"}],"wp:featuredmedia":[{"embeddable":true,"href":"https:\/\/tandemgarden.com\/es\/wp-json\/wp\/v2\/media\/9362"}],"wp:attachment":[{"href":"https:\/\/tandemgarden.com\/es\/wp-json\/wp\/v2\/media?parent=1445"}],"curies":[{"name":"wp","href":"https:\/\/api.w.org\/{rel}","templated":true}]}}