{"id":1441,"date":"2020-11-15T16:37:28","date_gmt":"2020-11-15T17:11:43","guid":{"rendered":"https:\/\/tandemgarden.com?post_type=product&#038;p=1441"},"modified":"2020-11-15T17:12:06","modified_gmt":"2020-11-15T17:12:06","slug":"rastrillo","status":"publish","type":"product","link":"https:\/\/tandemgarden.com\/es\/producto\/rastrillo\/","title":{"rendered":"Rastrillo"},"content":{"rendered":"","protected":false},"excerpt":{"rendered":"<p>Rastrillo de m\u00e1xima duraci\u00f3n con cabeza de acero de alta calidad, acabados y tratamientos antioxidantes. Tratamiento especial para flexi\u00f3n de las p\u00faas y muy adecuado para la limpieza de las hojas, restos o residuos.<\/p>\n<p>1,50 m.<\/p>\n","protected":false},"featured_media":2539,"template":"","meta":[],"_links":{"self":[{"href":"https:\/\/tandemgarden.com\/es\/wp-json\/wp\/v2\/product\/1441"}],"collection":[{"href":"https:\/\/tandemgarden.com\/es\/wp-json\/wp\/v2\/product"}],"about":[{"href":"https:\/\/tandemgarden.com\/es\/wp-json\/wp\/v2\/types\/product"}],"wp:featuredmedia":[{"embeddable":true,"href":"https:\/\/tandemgarden.com\/es\/wp-json\/wp\/v2\/media\/2539"}],"wp:attachment":[{"href":"https:\/\/tandemgarden.com\/es\/wp-json\/wp\/v2\/media?parent=1441"}],"curies":[{"name":"wp","href":"https:\/\/api.w.org\/{rel}","templated":true}]}}