{"id":12445,"date":"2026-04-08T12:05:28","date_gmt":"2026-04-08T11:05:28","guid":{"rendered":"https:\/\/tandemgarden.com\/product\/pitimini-con-dragon-de-peluche\/"},"modified":"2026-04-08T12:52:02","modified_gmt":"2026-04-08T11:52:02","slug":"pitimini-con-dragon-de-peluche","status":"publish","type":"product","link":"https:\/\/tandemgarden.com\/es\/producto\/pitimini-con-dragon-de-peluche\/","title":{"rendered":"Rosal con drag\u00f3n de peluche"},"content":{"rendered":"","protected":false},"excerpt":{"rendered":"<p>Rosal pitimini de Sant Jordi envuelto, con una base de madera y drag\u00f3n de peluche.<\/p>\n<p>Todos los productos de Sant Jordi incluyen el envoltorio de regalo. El env\u00edo se realizar\u00e1 el jueves 23 (D\u00eda de Sant Jordi) (para cualquier consulta puedes enviar un WhatsApp al 650 174 258).<\/p>\n<p>S\u00f3lo se efectuar\u00e1n env\u00edos durante el d\u00eda de Sant Jordi en el Vall\u00e8s Occidental.<\/p>\n","protected":false},"featured_media":12410,"template":"","meta":[],"_links":{"self":[{"href":"https:\/\/tandemgarden.com\/es\/wp-json\/wp\/v2\/product\/12445"}],"collection":[{"href":"https:\/\/tandemgarden.com\/es\/wp-json\/wp\/v2\/product"}],"about":[{"href":"https:\/\/tandemgarden.com\/es\/wp-json\/wp\/v2\/types\/product"}],"wp:featuredmedia":[{"embeddable":true,"href":"https:\/\/tandemgarden.com\/es\/wp-json\/wp\/v2\/media\/12410"}],"wp:attachment":[{"href":"https:\/\/tandemgarden.com\/es\/wp-json\/wp\/v2\/media?parent=12445"}],"curies":[{"name":"wp","href":"https:\/\/api.w.org\/{rel}","templated":true}]}}