{"id":12443,"date":"2026-04-08T12:01:58","date_gmt":"2026-04-08T11:01:58","guid":{"rendered":"https:\/\/tandemgarden.com\/product\/rosa-vichy-de-sant-jordi\/"},"modified":"2026-04-08T12:01:58","modified_gmt":"2026-04-08T11:01:58","slug":"rosa-vichy-de-sant-jordi","status":"publish","type":"product","link":"https:\/\/tandemgarden.com\/es\/producto\/rosa-vichy-de-sant-jordi\/","title":{"rendered":"Rosa vichy de Sant Jordi"},"content":{"rendered":"","protected":false},"excerpt":{"rendered":"<p>Rosa individual con envoltorio de yute de color verde antiguo y se\u00f1era catalana. Incluye toda la decoraci\u00f3n que se ve a la fotograf\u00eda.<\/p>\n<p>Se puede elegir el color del lazo\u00a0vichy\u00a0(ver a la 4.\u00aa imagen) a trav\u00e9s de los comentarios que se pueden efectuar al hacer el pedido. En caso contrario el color del lazo ser\u00e1 aleatorio.<\/p>\n<p>Todos los productos de Sant Jordi incluyen el envoltorio de regalo. El env\u00edo se realizar\u00e1 el jueves 23 (D\u00eda de Sant Jordi) (para cualquier consulta puedes enviar un WhatsApp al 650 174 258).<\/p>\n<p>S\u00f3lo se efectuar\u00e1n env\u00edos durante el d\u00eda de Sant Jordi en el Vall\u00e8s Occidental.<\/p>\n","protected":false},"featured_media":12418,"template":"","meta":[],"_links":{"self":[{"href":"https:\/\/tandemgarden.com\/es\/wp-json\/wp\/v2\/product\/12443"}],"collection":[{"href":"https:\/\/tandemgarden.com\/es\/wp-json\/wp\/v2\/product"}],"about":[{"href":"https:\/\/tandemgarden.com\/es\/wp-json\/wp\/v2\/types\/product"}],"wp:featuredmedia":[{"embeddable":true,"href":"https:\/\/tandemgarden.com\/es\/wp-json\/wp\/v2\/media\/12418"}],"wp:attachment":[{"href":"https:\/\/tandemgarden.com\/es\/wp-json\/wp\/v2\/media?parent=12443"}],"curies":[{"name":"wp","href":"https:\/\/api.w.org\/{rel}","templated":true}]}}