{"id":12439,"date":"2026-04-08T11:54:04","date_gmt":"2026-04-08T10:54:04","guid":{"rendered":"https:\/\/tandemgarden.com\/product\/panera-de-sant-jordi\/"},"modified":"2026-04-08T11:54:04","modified_gmt":"2026-04-08T10:54:04","slug":"panera-de-sant-jordi","status":"publish","type":"product","link":"https:\/\/tandemgarden.com\/es\/producto\/panera-de-sant-jordi\/","title":{"rendered":"Panera de Sant Jordi"},"content":{"rendered":"","protected":false},"excerpt":{"rendered":"<p>Bouquet en caja de madera y colgante de coraz\u00f3n, contiene tres rosas rojas, verde, decoraci\u00f3n de Sant Jordi y una botella de vino blanco Freixenet (DON Catalu\u00f1a). La caja de madera se puede elegir de color blanco roto con el coraz\u00f3n rojo (como la imagen) o a la inversa, dejando un comenatri al hacer el pedido.<\/p>\n<p>Todos los productos de Sant Jordi incluyen el envoltorio de regalo. El env\u00edo se realizar\u00e1 el jueves 23 (D\u00eda de Sant Jordi) (para cualquier consulta puedes enviar un WhatsApp al 650 174 258).<\/p>\n<p>S\u00f3lo se efectuar\u00e1n env\u00edos durante el d\u00eda de Sant Jordi en el Vall\u00e8s Occidental.<\/p>\n","protected":false},"featured_media":12402,"template":"","meta":[],"_links":{"self":[{"href":"https:\/\/tandemgarden.com\/es\/wp-json\/wp\/v2\/product\/12439"}],"collection":[{"href":"https:\/\/tandemgarden.com\/es\/wp-json\/wp\/v2\/product"}],"about":[{"href":"https:\/\/tandemgarden.com\/es\/wp-json\/wp\/v2\/types\/product"}],"wp:featuredmedia":[{"embeddable":true,"href":"https:\/\/tandemgarden.com\/es\/wp-json\/wp\/v2\/media\/12402"}],"wp:attachment":[{"href":"https:\/\/tandemgarden.com\/es\/wp-json\/wp\/v2\/media?parent=12439"}],"curies":[{"name":"wp","href":"https:\/\/api.w.org\/{rel}","templated":true}]}}