{"id":12425,"date":"2026-04-08T09:42:44","date_gmt":"2026-04-08T08:42:44","guid":{"rendered":"https:\/\/tandemgarden.com\/product\/corazon-de-sant-jordi-2\/"},"modified":"2026-04-08T09:42:44","modified_gmt":"2026-04-08T08:42:44","slug":"corazon-de-sant-jordi-2","status":"publish","type":"product","link":"https:\/\/tandemgarden.com\/es\/producto\/corazon-de-sant-jordi-2\/","title":{"rendered":"Coraz\u00f3n de Sant Jordi"},"content":{"rendered":"","protected":false},"excerpt":{"rendered":"<p>Coraz\u00f3n de madera con base de musgo preservado que contiene una rosa de Sant Jordi decorada con verdes y craspedia amarilla.<\/p>\n<p>Todos los productos de San Jorge incluyen el envoltori de regalo. El env\u00edo se efectuar\u00e1 el jueves 23 (D\u00eda de Sant Jordi) (por cualquier consulta puedes enviar un WhatsApp al 650 174 258).<\/p>\n<p>Solo se efectuar\u00e1n env\u00edos durante el d\u00eda de Sant Jordi en el Vall\u00e8s Occidental.<\/p>\n","protected":false},"featured_media":12408,"template":"","meta":[],"_links":{"self":[{"href":"https:\/\/tandemgarden.com\/es\/wp-json\/wp\/v2\/product\/12425"}],"collection":[{"href":"https:\/\/tandemgarden.com\/es\/wp-json\/wp\/v2\/product"}],"about":[{"href":"https:\/\/tandemgarden.com\/es\/wp-json\/wp\/v2\/types\/product"}],"wp:featuredmedia":[{"embeddable":true,"href":"https:\/\/tandemgarden.com\/es\/wp-json\/wp\/v2\/media\/12408"}],"wp:attachment":[{"href":"https:\/\/tandemgarden.com\/es\/wp-json\/wp\/v2\/media?parent=12425"}],"curies":[{"name":"wp","href":"https:\/\/api.w.org\/{rel}","templated":true}]}}