{"id":12370,"date":"2026-02-25T21:41:51","date_gmt":"2026-02-25T20:41:51","guid":{"rendered":"https:\/\/tandemgarden.com\/product\/pack-2-herramientas-infantiles\/"},"modified":"2026-02-25T21:41:51","modified_gmt":"2026-02-25T20:41:51","slug":"pack-2-herramientas-infantiles","status":"publish","type":"product","link":"https:\/\/tandemgarden.com\/es\/producto\/pack-2-herramientas-infantiles\/","title":{"rendered":"Pack 2 herramientas infantiles"},"content":{"rendered":"","protected":false},"excerpt":{"rendered":"<p>Estas herramientas est\u00e1n dise\u00f1adas para los m\u00e1s peque\u00f1os, trabajar y jugar al aire libre o ayudando a los padres en el jard\u00edn. El conjunto consta de una paletilla y un rastrillo y se adapta perfectamente a las manos peque\u00f1as.<\/p>\n<p>W 14.2 X D 4.8 X H 30.8<\/p>\n","protected":false},"featured_media":12360,"template":"","meta":[],"_links":{"self":[{"href":"https:\/\/tandemgarden.com\/es\/wp-json\/wp\/v2\/product\/12370"}],"collection":[{"href":"https:\/\/tandemgarden.com\/es\/wp-json\/wp\/v2\/product"}],"about":[{"href":"https:\/\/tandemgarden.com\/es\/wp-json\/wp\/v2\/types\/product"}],"wp:featuredmedia":[{"embeddable":true,"href":"https:\/\/tandemgarden.com\/es\/wp-json\/wp\/v2\/media\/12360"}],"wp:attachment":[{"href":"https:\/\/tandemgarden.com\/es\/wp-json\/wp\/v2\/media?parent=12370"}],"curies":[{"name":"wp","href":"https:\/\/api.w.org\/{rel}","templated":true}]}}