{"id":12327,"date":"2026-02-25T18:45:18","date_gmt":"2026-02-25T17:45:18","guid":{"rendered":"https:\/\/tandemgarden.com\/?post_type=product&#038;p=12327"},"modified":"2026-02-25T18:45:18","modified_gmt":"2026-02-25T17:45:18","slug":"dispensador-de-comida-de-pajaro","status":"publish","type":"product","link":"https:\/\/tandemgarden.com\/es\/producto\/dispensador-de-comida-de-pajaro\/","title":{"rendered":"Dispensador de comida de p\u00e1jaro"},"content":{"rendered":"","protected":false},"excerpt":{"rendered":"<h6 id=\"tw-target-text\" class=\"tw-data-text tw-text-large tw-ta\" dir=\"ltr\" tabindex=\"-1\" role=\"text\" data-placeholder=\"Traducci\u00f3n\" data-ved=\"2ahUKEwjPh6LkhfKSAxWeZ0EAHU24PP4Q3ewLegQIDBAW\" aria-label=\"Texto traducido: Llene este dispensador de hierro de bolas de comida de p\u00e1jaro sin red. La estructura abierta permite a los p\u00e1jaros acercarse a la alimentaci\u00f3n desde todos los lados. No incluye la comida de p\u00e1jaro. \nW 8 X D 8 X H 23.7\"><span class=\"Y2IQFc\" lang=\"es\">Llene este dispensador de hierro de bolas de comida de p\u00e1jaro sin red. La estructura abierta permite a los p\u00e1jaros acercarse a la alimentaci\u00f3n desde todos los lados. No incluye la comida de p\u00e1jaro. <\/span><\/h6>\n<h6 class=\"tw-data-text tw-text-large tw-ta\" dir=\"ltr\" tabindex=\"-1\" role=\"text\" data-placeholder=\"Traducci\u00f3n\" data-ved=\"2ahUKEwjPh6LkhfKSAxWeZ0EAHU24PP4Q3ewLegQIDBAW\" aria-label=\"Texto traducido: Llene este dispensador de hierro de bolas de comida de p\u00e1jaro sin red. La estructura abierta permite a los p\u00e1jaros acercarse a la alimentaci\u00f3n desde todos los lados. No incluye la comida de p\u00e1jaro. \nW 8 X D 8 X H 23.7\"><span class=\"Y2IQFc\" lang=\"es\">W 8 X D 8 X H 23.7<\/span><\/h6>\n","protected":false},"featured_media":12316,"template":"","meta":[],"_links":{"self":[{"href":"https:\/\/tandemgarden.com\/es\/wp-json\/wp\/v2\/product\/12327"}],"collection":[{"href":"https:\/\/tandemgarden.com\/es\/wp-json\/wp\/v2\/product"}],"about":[{"href":"https:\/\/tandemgarden.com\/es\/wp-json\/wp\/v2\/types\/product"}],"wp:featuredmedia":[{"embeddable":true,"href":"https:\/\/tandemgarden.com\/es\/wp-json\/wp\/v2\/media\/12316"}],"wp:attachment":[{"href":"https:\/\/tandemgarden.com\/es\/wp-json\/wp\/v2\/media?parent=12327"}],"curies":[{"name":"wp","href":"https:\/\/api.w.org\/{rel}","templated":true}]}}