{"id":12107,"date":"2025-11-14T12:57:25","date_gmt":"2025-11-14T11:57:25","guid":{"rendered":"https:\/\/tandemgarden.com\/product\/arbol-artificial-allison\/"},"modified":"2025-11-14T13:06:38","modified_gmt":"2025-11-14T12:06:38","slug":"arbol-artificial-allison","status":"publish","type":"product","link":"https:\/\/tandemgarden.com\/es\/producto\/arbol-artificial-allison\/","title":{"rendered":"\u00c1rbol artificial Allison"},"content":{"rendered":"","protected":false},"excerpt":{"rendered":"<p>\u00c1rbol artificial Allison, de los m\u00e1s naturales que hay!<\/p>\n","protected":false},"featured_media":12102,"template":"","meta":[],"_links":{"self":[{"href":"https:\/\/tandemgarden.com\/es\/wp-json\/wp\/v2\/product\/12107"}],"collection":[{"href":"https:\/\/tandemgarden.com\/es\/wp-json\/wp\/v2\/product"}],"about":[{"href":"https:\/\/tandemgarden.com\/es\/wp-json\/wp\/v2\/types\/product"}],"wp:featuredmedia":[{"embeddable":true,"href":"https:\/\/tandemgarden.com\/es\/wp-json\/wp\/v2\/media\/12102"}],"wp:attachment":[{"href":"https:\/\/tandemgarden.com\/es\/wp-json\/wp\/v2\/media?parent=12107"}],"curies":[{"name":"wp","href":"https:\/\/api.w.org\/{rel}","templated":true}]}}