{"id":11904,"date":"2025-11-13T17:21:48","date_gmt":"2025-11-13T16:21:48","guid":{"rendered":"https:\/\/tandemgarden.com\/product\/led-scenery-teleferico\/"},"modified":"2026-01-10T19:27:05","modified_gmt":"2026-01-10T18:27:05","slug":"led-scenery-teleferico","status":"publish","type":"product","link":"https:\/\/tandemgarden.com\/es\/producto\/led-scenery-teleferico\/","title":{"rendered":"LED Scenery telef\u00e9rico"},"content":{"rendered":"","protected":false},"excerpt":{"rendered":"<p>Escena XXL formada por una monta\u00f1a donde hay una casita de telef\u00e9rico y otra monta\u00f1a m\u00e1s peque\u00f1a con la segunda casita del telef\u00e9rico, al medio, circulan dos telecabinas que van subiendo y bajando.<\/p>\n<p>Funciona con enchufe (incluido).<\/p>\n<p>Tiene una funci\u00f3n: el movimiento, la iluminaci\u00f3n y m\u00fasica.<\/p>\n","protected":false},"featured_media":11883,"template":"","meta":[],"_links":{"self":[{"href":"https:\/\/tandemgarden.com\/es\/wp-json\/wp\/v2\/product\/11904"}],"collection":[{"href":"https:\/\/tandemgarden.com\/es\/wp-json\/wp\/v2\/product"}],"about":[{"href":"https:\/\/tandemgarden.com\/es\/wp-json\/wp\/v2\/types\/product"}],"wp:featuredmedia":[{"embeddable":true,"href":"https:\/\/tandemgarden.com\/es\/wp-json\/wp\/v2\/media\/11883"}],"wp:attachment":[{"href":"https:\/\/tandemgarden.com\/es\/wp-json\/wp\/v2\/media?parent=11904"}],"curies":[{"name":"wp","href":"https:\/\/api.w.org\/{rel}","templated":true}]}}