{"id":11902,"date":"2025-11-13T17:15:30","date_gmt":"2025-11-13T16:15:30","guid":{"rendered":"https:\/\/tandemgarden.com\/product\/led-scenery-montanas-y-con-tren\/"},"modified":"2026-01-10T19:27:04","modified_gmt":"2026-01-10T18:27:04","slug":"led-scenery-montanas-y-con-tren","status":"publish","type":"product","link":"https:\/\/tandemgarden.com\/es\/producto\/led-scenery-montanas-y-con-tren\/","title":{"rendered":"LED Scenery monta\u00f1as y con tren"},"content":{"rendered":"","protected":false},"excerpt":{"rendered":"<p>Escena de monta\u00f1a donde baja gente esquiando y tambi\u00e9n hay un tren que da vueltas dentro un t\u00fanel. Funciona con enchufe (incluido).<\/p>\n<p>Tiene dos funciones: el movimiento, la iluminaci\u00f3n y m\u00fasica; y s\u00f3lo el movimiento con iluminaci\u00f3n.<\/p>\n","protected":false},"featured_media":11885,"template":"","meta":[],"_links":{"self":[{"href":"https:\/\/tandemgarden.com\/es\/wp-json\/wp\/v2\/product\/11902"}],"collection":[{"href":"https:\/\/tandemgarden.com\/es\/wp-json\/wp\/v2\/product"}],"about":[{"href":"https:\/\/tandemgarden.com\/es\/wp-json\/wp\/v2\/types\/product"}],"wp:featuredmedia":[{"embeddable":true,"href":"https:\/\/tandemgarden.com\/es\/wp-json\/wp\/v2\/media\/11885"}],"wp:attachment":[{"href":"https:\/\/tandemgarden.com\/es\/wp-json\/wp\/v2\/media?parent=11902"}],"curies":[{"name":"wp","href":"https:\/\/api.w.org\/{rel}","templated":true}]}}