{"id":11900,"date":"2025-11-13T17:08:23","date_gmt":"2025-11-13T16:08:23","guid":{"rendered":"https:\/\/tandemgarden.com\/product\/led-scenery-tienda-papa-noel\/"},"modified":"2026-01-10T19:27:04","modified_gmt":"2026-01-10T18:27:04","slug":"led-scenery-tienda-papa-noel","status":"publish","type":"product","link":"https:\/\/tandemgarden.com\/es\/producto\/led-scenery-tienda-papa-noel\/","title":{"rendered":"LED Scenery tienda Papa Noel"},"content":{"rendered":"","protected":false},"excerpt":{"rendered":"<div class=\"woocommerce-product-details__short-description\">\n<p>Escena de una tienda donde aparece Papa Noel y sus ayudantes preparando los regalos en movimiento, encima, un \u00e1rbol de navidad que da vueltas. Funciona con enchufe (incluido).<\/p>\n<p>Tiene una funci\u00f3n: el movimiento, la iluminaci\u00f3n y m\u00fasica.<\/p>\n<\/div>\n","protected":false},"featured_media":11887,"template":"","meta":[],"_links":{"self":[{"href":"https:\/\/tandemgarden.com\/es\/wp-json\/wp\/v2\/product\/11900"}],"collection":[{"href":"https:\/\/tandemgarden.com\/es\/wp-json\/wp\/v2\/product"}],"about":[{"href":"https:\/\/tandemgarden.com\/es\/wp-json\/wp\/v2\/types\/product"}],"wp:featuredmedia":[{"embeddable":true,"href":"https:\/\/tandemgarden.com\/es\/wp-json\/wp\/v2\/media\/11887"}],"wp:attachment":[{"href":"https:\/\/tandemgarden.com\/es\/wp-json\/wp\/v2\/media?parent=11900"}],"curies":[{"name":"wp","href":"https:\/\/api.w.org\/{rel}","templated":true}]}}