{"id":11898,"date":"2025-11-13T17:01:54","date_gmt":"2025-11-13T16:01:54","guid":{"rendered":"https:\/\/tandemgarden.com\/product\/led-scenery-papa-noel-con-renos-volando\/"},"modified":"2026-01-10T19:27:04","modified_gmt":"2026-01-10T18:27:04","slug":"led-scenery-papa-noel-con-renos-volando","status":"publish","type":"product","link":"https:\/\/tandemgarden.com\/es\/producto\/led-scenery-papa-noel-con-renos-volando\/","title":{"rendered":"LED Scenery Papa Noel con renos volando"},"content":{"rendered":"","protected":false},"excerpt":{"rendered":"<p>Escena de un pueblo nevado donde se ve como vuela por encima Papa Noel con su trineo y tres renos, todos ellos en movimiento. Funciona con enchufe (incluido).<\/p>\n<p>Tiene dos funciones: el movimiento, la iluminaci\u00f3n y m\u00fasica; y s\u00f3lo el movimiento con iluminaci\u00f3n.<\/p>\n","protected":false},"featured_media":11889,"template":"","meta":[],"_links":{"self":[{"href":"https:\/\/tandemgarden.com\/es\/wp-json\/wp\/v2\/product\/11898"}],"collection":[{"href":"https:\/\/tandemgarden.com\/es\/wp-json\/wp\/v2\/product"}],"about":[{"href":"https:\/\/tandemgarden.com\/es\/wp-json\/wp\/v2\/types\/product"}],"wp:featuredmedia":[{"embeddable":true,"href":"https:\/\/tandemgarden.com\/es\/wp-json\/wp\/v2\/media\/11889"}],"wp:attachment":[{"href":"https:\/\/tandemgarden.com\/es\/wp-json\/wp\/v2\/media?parent=11898"}],"curies":[{"name":"wp","href":"https:\/\/api.w.org\/{rel}","templated":true}]}}